{"id":187,"date":"2021-02-27T19:32:40","date_gmt":"2021-02-27T19:32:40","guid":{"rendered":"https:\/\/disc.erasmus.site\/?page_id=187"},"modified":"2023-07-21T13:19:43","modified_gmt":"2023-07-21T13:19:43","slug":"about-the-project","status":"publish","type":"page","link":"https:\/\/disc.erasmus.site\/pl\/about-the-project\/","title":{"rendered":"O Projekcie"},"content":{"rendered":"<p>Projekt DiSC (Digital Security for Senior Citizens) mia\u0142 na celu <strong>wspieranie i podnoszenie kwalifikacji senior\u00f3w<\/strong> w celu zwi\u0119kszenia ich umiej\u0119tno\u015bci cyfrowych i wiedzy, aby byli w stanie proaktywnie <strong>identyfikowa\u0107 i chroni\u0107 si\u0119 przed zagro\u017ceniami cyberbezpiecze\u0144stwa i oszustwami<\/strong>, kt\u00f3re maj\u0105 miejsce za po\u015brednictwem technologii i Internetu.<\/p>\n<p>Projekt by\u0142 finansowany w ramach Akcji Kluczowej 2: Edukacja doros\u0142ych programu Erasmus+. Projekt DiSC rozpocz\u0105\u0142 si\u0119 1 grudnia 2020 r. i trwa\u0142 do ko\u0144ca maja 2023 r.<\/p>\n<p>Konsorcjum projektu sk\u0142ada\u0142o si\u0119 z pi\u0119ciu organizacji, kt\u00f3re wnios\u0142y bogate do\u015bwiadczenie i wiedz\u0119 z ca\u0142ej Europy. CWEP (koordynator projektu) z Polski, e-Seniors z Francji, Innohive z Grecji, FyG Consultores z Hiszpanii i Cuiablue z Wielkiej Brytanii. Wi\u0119cej o partnerach konsorcjum mo\u017cna przeczyta\u0107 <a href=\"https:\/\/disc.erasmus.site\/partners\/\">tutaj<\/a>.<\/p>\n<p><img fetchpriority=\"high\" decoding=\"async\" class=\"wp-image-229 alignleft\" src=\"https:\/\/disc.erasmus.site\/wp-content\/uploads\/2021\/03\/4901932-scaled.jpg\" alt=\"\" width=\"630\" height=\"420\" srcset=\"https:\/\/disc.erasmus.site\/wp-content\/uploads\/2021\/03\/4901932-scaled.jpg 2560w, https:\/\/disc.erasmus.site\/wp-content\/uploads\/2021\/03\/4901932-300x200.jpg 300w, https:\/\/disc.erasmus.site\/wp-content\/uploads\/2021\/03\/4901932-1024x683.jpg 1024w, https:\/\/disc.erasmus.site\/wp-content\/uploads\/2021\/03\/4901932-768x512.jpg 768w, https:\/\/disc.erasmus.site\/wp-content\/uploads\/2021\/03\/4901932-1536x1024.jpg 1536w, https:\/\/disc.erasmus.site\/wp-content\/uploads\/2021\/03\/4901932-2048x1365.jpg 2048w, https:\/\/disc.erasmus.site\/wp-content\/uploads\/2021\/03\/4901932-930x620.jpg 930w\" sizes=\"(max-width: 630px) 100vw, 630px\" \/><\/p>\n<p>W ramach projektu opracowano <strong>ramy kompetencji w zakresie bezpiecze\u0144stwa cyfrowego<\/strong>, aby pom\u00f3c osobom starszym zidentyfikowa\u0107 i okre\u015bli\u0107 ilo\u015bciowo umiej\u0119tno\u015bci, kt\u00f3re pomog\u0105 im chroni\u0107 si\u0119 przed zagro\u017ceniami bezpiecze\u0144stwa cyfrowego.<\/p>\n<p>Aby zapewni\u0107 praktyczne wykorzystanie ram, konsorcjum DiSC opracowa\u0142o r\u00f3wnie\u017c <strong>cyfrowe narz\u0119dzie por\u00f3wnawcze<\/strong> dla u\u017cytkownik\u00f3w ko\u0144cowych do pomiaru ich poziomu kompetencji w zakresie bezpiecze\u0144stwa cyfrowego.<\/p>\n<p>Zosta\u0142o to wsparte <strong>gr\u0105 online<\/strong>, dzi\u0119ki kt\u00f3rej u\u017cytkownicy mogli poprawi\u0107 umiej\u0119tno\u015bci w zakresie bezpiecze\u0144stwa cyfrowego w bezpiecznym, wirtualnym \u015brodowisku.<\/p>\n<p>Wreszcie, projekt mia\u0142 na celu wywarcie wp\u0142ywu na polityk\u0119 na poziomie krajowym i europejskim poprzez <strong>wyci\u0105gni\u0119cie wniosk\u00f3w opartych na dowodach i zaleceniach polityki edukacyjnej<\/strong> na podstawie danych zebranych w trakcie ca\u0142ego projektu.<\/p>\n<p><strong>Beneficjentami projektu byli seniorzy w wieku 55 lat i starsi<\/strong>. Ponadto w projekt zaanga\u017cowane by\u0142y organizacje, kt\u00f3re koncentrowa\u0142y si\u0119 na zwi\u0119kszaniu kompetencji ICT senior\u00f3w.<\/p>\n<p>Koncepcja projektu zosta\u0142a opracowana jako rozszerzenie szeregu inicjatyw na ma\u0142\u0105 skal\u0119 rozpocz\u0119tych na poziomie spo\u0142eczno\u015bci i ma na celu wykorzystanie tych inicjatyw oraz utrzymanie silnych powi\u0105za\u0144 z lokalnymi i regionalnymi interesariuszami konsorcjum.<\/p>\n<p>Opr\u00f3cz edukowania senior\u00f3w na temat zagro\u017ce\u0144 dla bezpiecze\u0144stwa cyfrowego, DiSC mia\u0142 na celu zmian\u0119 postaw senior\u00f3w, kt\u00f3rzy uwa\u017caj\u0105, \u017ce nie maj\u0105 odpowiedniej pozycji, aby mie\u0107 wp\u0142yw na krajowe i europejskie kwestie cyberbezpiecze\u0144stwa. Zosta\u0142o to osi\u0105gni\u0119te poprzez podnoszenie \u015bwiadomo\u015bci i zmian\u0119 sposobu my\u015blenia senior\u00f3w oraz szkol\u0105cych ich edukator\u00f3w ICT.<\/p>\n","protected":false},"excerpt":{"rendered":"<p>Projekt DiSC (Digital Security for Senior Citizens) mia\u0142 na celu wspieranie i podnoszenie kwalifikacji senior\u00f3w w celu zwi\u0119kszenia ich umiej\u0119tno\u015bci cyfrowych i wiedzy, aby byli w stanie proaktywnie identyfikowa\u0107 i chroni\u0107 si\u0119 przed zagro\u017ceniami cyberbezpiecze\u0144stwa i oszustwami, kt\u00f3re maj\u0105 miejsce za po\u015brednictwem technologii i Internetu. Projekt by\u0142 finansowany w ramach Akcji Kluczowej 2: Edukacja doros\u0142ych&hellip;&nbsp;<a href=\"https:\/\/disc.erasmus.site\/pl\/about-the-project\/\" rel=\"bookmark\">Dowiedz si\u0119 wi\u0119cej &raquo;<span class=\"screen-reader-text\">O Projekcie<\/span><\/a><\/p>\n","protected":false},"author":1,"featured_media":0,"parent":0,"menu_order":0,"comment_status":"closed","ping_status":"closed","template":"","meta":{"neve_meta_sidebar":"full-width","neve_meta_container":"","neve_meta_enable_content_width":"on","neve_meta_content_width":100,"neve_meta_title_alignment":"","neve_meta_author_avatar":"","neve_post_elements_order":"","neve_meta_disable_header":"","neve_meta_disable_footer":"","neve_meta_disable_title":"","footnotes":""},"class_list":["post-187","page","type-page","status-publish","hentry"],"_links":{"self":[{"href":"https:\/\/disc.erasmus.site\/pl\/wp-json\/wp\/v2\/pages\/187","targetHints":{"allow":["GET"]}}],"collection":[{"href":"https:\/\/disc.erasmus.site\/pl\/wp-json\/wp\/v2\/pages"}],"about":[{"href":"https:\/\/disc.erasmus.site\/pl\/wp-json\/wp\/v2\/types\/page"}],"author":[{"embeddable":true,"href":"https:\/\/disc.erasmus.site\/pl\/wp-json\/wp\/v2\/users\/1"}],"replies":[{"embeddable":true,"href":"https:\/\/disc.erasmus.site\/pl\/wp-json\/wp\/v2\/comments?post=187"}],"version-history":[{"count":17,"href":"https:\/\/disc.erasmus.site\/pl\/wp-json\/wp\/v2\/pages\/187\/revisions"}],"predecessor-version":[{"id":472,"href":"https:\/\/disc.erasmus.site\/pl\/wp-json\/wp\/v2\/pages\/187\/revisions\/472"}],"wp:attachment":[{"href":"https:\/\/disc.erasmus.site\/pl\/wp-json\/wp\/v2\/media?parent=187"}],"curies":[{"name":"wp","href":"https:\/\/api.w.org\/{rel}","templated":true}]}}