{"id":145,"date":"2021-02-27T18:54:22","date_gmt":"2021-02-27T18:54:22","guid":{"rendered":"https:\/\/disc.erasmus.site\/?page_id=145"},"modified":"2023-07-21T14:02:52","modified_gmt":"2023-07-21T14:02:52","slug":"project-results","status":"publish","type":"page","link":"https:\/\/disc.erasmus.site\/pl\/project-results\/","title":{"rendered":"Rezultaty projektu"},"content":{"rendered":"\t\t<div data-elementor-type=\"wp-page\" data-elementor-id=\"145\" class=\"elementor elementor-145\">\n\t\t\t\t\t\t<section class=\"elementor-section elementor-top-section elementor-element elementor-element-eee6393 elementor-section-boxed elementor-section-height-default elementor-section-height-default elementor-invisible\" data-id=\"eee6393\" data-element_type=\"section\" data-e-type=\"section\" data-settings=\"{&quot;animation&quot;:&quot;zoomIn&quot;}\">\n\t\t\t\t\t\t<div class=\"elementor-container elementor-column-gap-default\">\n\t\t\t\t\t<div class=\"elementor-column elementor-col-50 elementor-top-column elementor-element elementor-element-3b8b5e6\" data-id=\"3b8b5e6\" data-element_type=\"column\" data-e-type=\"column\">\n\t\t\t<div class=\"elementor-widget-wrap elementor-element-populated\">\n\t\t\t\t\t\t<div class=\"elementor-element elementor-element-e979a4f elementor-widget elementor-widget-image\" data-id=\"e979a4f\" data-element_type=\"widget\" data-e-type=\"widget\" data-widget_type=\"image.default\">\n\t\t\t\t<div class=\"elementor-widget-container\">\n\t\t\t\t\t\t\t\t\t\t\t\t\t\t\t<img fetchpriority=\"high\" decoding=\"async\" width=\"1024\" height=\"957\" src=\"https:\/\/disc.erasmus.site\/wp-content\/uploads\/2021\/03\/senior-couple-holding-with-blank-board-1024x957.jpg\" class=\"attachment-large size-large wp-image-219\" alt=\"\" srcset=\"https:\/\/disc.erasmus.site\/wp-content\/uploads\/2021\/03\/senior-couple-holding-with-blank-board-1024x957.jpg 1024w, https:\/\/disc.erasmus.site\/wp-content\/uploads\/2021\/03\/senior-couple-holding-with-blank-board-300x280.jpg 300w, https:\/\/disc.erasmus.site\/wp-content\/uploads\/2021\/03\/senior-couple-holding-with-blank-board-768x718.jpg 768w, https:\/\/disc.erasmus.site\/wp-content\/uploads\/2021\/03\/senior-couple-holding-with-blank-board-1536x1436.jpg 1536w, https:\/\/disc.erasmus.site\/wp-content\/uploads\/2021\/03\/senior-couple-holding-with-blank-board-2048x1915.jpg 2048w\" sizes=\"(max-width: 1024px) 100vw, 1024px\" \/>\t\t\t\t\t\t\t\t\t\t\t\t\t\t\t<\/div>\n\t\t\t\t<\/div>\n\t\t\t\t\t<\/div>\n\t\t<\/div>\n\t\t\t\t<div class=\"elementor-column elementor-col-50 elementor-top-column elementor-element elementor-element-e994a37\" data-id=\"e994a37\" data-element_type=\"column\" data-e-type=\"column\">\n\t\t\t<div class=\"elementor-widget-wrap elementor-element-populated\">\n\t\t\t\t\t\t<div class=\"elementor-element elementor-element-61c786a elementor-widget elementor-widget-text-editor\" data-id=\"61c786a\" data-element_type=\"widget\" data-e-type=\"widget\" data-widget_type=\"text-editor.default\">\n\t\t\t\t<div class=\"elementor-widget-container\">\n\t\t\t\t\t\t\t\t\t<p><\/p><p><strong>Ramy kompetencji w zakresie bezpiecze\u0144stwa cyfrowego<\/strong><\/p><p>Te innowacyjne ramy kompetencji zapewniaj\u0105 skuteczn\u0105 metod\u0119 oceny umiej\u0119tno\u015bci i wiedzy os\u00f3b starszych w oparciu o standardowy zestaw atrybut\u00f3w. Ramy te opieraj\u0105 si\u0119 na ramach <a href=\"https:\/\/publications.jrc.ec.europa.eu\/repository\/handle\/JRC106281\">DigComp 2.1<\/a>, kt\u00f3re nie zapewniaj\u0105 kompetencji pozwalaj\u0105cych wyra\u017anie zaj\u0105\u0107 si\u0119 oszustwami i zagro\u017ceniami cyfrowymi, kt\u00f3re s\u0105 wykorzystywane do kradzie\u017cy danych i informacji u\u017cytkownik\u00f3w internetu.<\/p><p>Ramy okre\u015blaj\u0105 zalecan\u0105 wiedz\u0119 i umiej\u0119tno\u015bci z zakresu bezpiecze\u0144stwa cyfrowego dla os\u00f3b starszych, kt\u00f3re s\u0105 w stanie samodzielnie chroni\u0107 si\u0119 przed zagro\u017ceniami zwi\u0105zanymi z bezpiecze\u0144stwem cyfrowym i s\u0105 skierowane do os\u00f3b starszych w wieku 55+. Ramy mog\u0105 s\u0105 r\u00f3wnie\u017c istotne dla nauczycieli ICT, trener\u00f3w i edukator\u00f3w zaanga\u017cowanych w podnoszenie kwalifikacji technologicznych i budowanie potencja\u0142u os\u00f3b starszych.<\/p>\t\t\t\t\t\t\t\t<\/div>\n\t\t\t\t<\/div>\n\t\t\t\t<div class=\"elementor-element elementor-element-d227328 elementor-button-success elementor-align-center elementor-widget elementor-widget-button\" data-id=\"d227328\" data-element_type=\"widget\" data-e-type=\"widget\" data-widget_type=\"button.default\">\n\t\t\t\t<div class=\"elementor-widget-container\">\n\t\t\t\t\t\t\t\t\t<div class=\"elementor-button-wrapper\">\n\t\t\t\t\t<a class=\"elementor-button elementor-button-link elementor-size-md\" href=\"https:\/\/disc.erasmus.site\/wp-content\/uploads\/2022\/02\/PL_DiSC_Competency_Framework_FINAL.pdf\" target=\"_blank\">\n\t\t\t\t\t\t<span class=\"elementor-button-content-wrapper\">\n\t\t\t\t\t\t\t\t\t<span class=\"elementor-button-text\">Otw\u00f3rz rezultat<\/span>\n\t\t\t\t\t<\/span>\n\t\t\t\t\t<\/a>\n\t\t\t\t<\/div>\n\t\t\t\t\t\t\t\t<\/div>\n\t\t\t\t<\/div>\n\t\t\t\t\t<\/div>\n\t\t<\/div>\n\t\t\t\t\t<\/div>\n\t\t<\/section>\n\t\t\t\t<section class=\"elementor-section elementor-top-section elementor-element elementor-element-5bfc51c elementor-section-boxed elementor-section-height-default elementor-section-height-default elementor-invisible\" data-id=\"5bfc51c\" data-element_type=\"section\" data-e-type=\"section\" data-settings=\"{&quot;animation&quot;:&quot;zoomIn&quot;}\">\n\t\t\t\t\t\t<div class=\"elementor-container elementor-column-gap-default\">\n\t\t\t\t\t<div class=\"elementor-column elementor-col-50 elementor-top-column elementor-element elementor-element-2575624\" data-id=\"2575624\" data-element_type=\"column\" data-e-type=\"column\">\n\t\t\t<div class=\"elementor-widget-wrap elementor-element-populated\">\n\t\t\t\t\t\t<div class=\"elementor-element elementor-element-93976b9 elementor-widget elementor-widget-text-editor\" data-id=\"93976b9\" data-element_type=\"widget\" data-e-type=\"widget\" data-widget_type=\"text-editor.default\">\n\t\t\t\t<div class=\"elementor-widget-container\">\n\t\t\t\t\t\t\t\t\t<p><\/p><p><\/p><p><strong>Narz\u0119dzie benchmarking do oceny kompetencji z zakresu bezpiecze\u0144stwa cyfrowego<\/strong><\/p><p>Interaktywne narz\u0119dzie benchmarkingowe zawiera wskaz\u00f3wki, w jaki spos\u00f3b poszczeg\u00f3lne osoby mog\u0105 osi\u0105gn\u0105\u0107 poziomy bieg\u0142o\u015bci okre\u015blone w ramach kompetencji w zakresie bezpiecze\u0144stwa cyfrowego. Obejmuje to konkretny przyk\u0142ad wiedzy i umiej\u0119tno\u015bci na ka\u017cdym poziomie ram kompetencji.<\/p><p>Narz\u0119dzie benchmarkingowe mo\u017ce by\u0107 wykorzystywane przez osoby starsze do oceny poziomu ich kompetencji w zakresie bezpiecze\u0144stwa cyfrowego. Narz\u0119dzie przedstawia ocen\u0119 umiej\u0119tno\u015bci u\u017cytkownik\u00f3w jako ich \u201ecertyfikat kompetencji w zakresie bezpiecze\u0144stwa cyfrowego\u201d. Certyfikat mo\u017ce by\u0107 rozszerzany o dodatkowe kompetencje w miar\u0119 ich nabywania.<\/p>\t\t\t\t\t\t\t\t<\/div>\n\t\t\t\t<\/div>\n\t\t\t\t<div class=\"elementor-element elementor-element-9e7e5f1 elementor-button-success elementor-align-center elementor-widget elementor-widget-button\" data-id=\"9e7e5f1\" data-element_type=\"widget\" data-e-type=\"widget\" data-widget_type=\"button.default\">\n\t\t\t\t<div class=\"elementor-widget-container\">\n\t\t\t\t\t\t\t\t\t<div class=\"elementor-button-wrapper\">\n\t\t\t\t\t<a class=\"elementor-button elementor-button-link elementor-size-md\" href=\"\/pl\/self-assessment\">\n\t\t\t\t\t\t<span class=\"elementor-button-content-wrapper\">\n\t\t\t\t\t\t\t\t\t<span class=\"elementor-button-text\">Otw\u00f3rz rezultat<\/span>\n\t\t\t\t\t<\/span>\n\t\t\t\t\t<\/a>\n\t\t\t\t<\/div>\n\t\t\t\t\t\t\t\t<\/div>\n\t\t\t\t<\/div>\n\t\t\t\t\t<\/div>\n\t\t<\/div>\n\t\t\t\t<div class=\"elementor-column elementor-col-50 elementor-top-column elementor-element elementor-element-9fbc966\" data-id=\"9fbc966\" data-element_type=\"column\" data-e-type=\"column\">\n\t\t\t<div class=\"elementor-widget-wrap elementor-element-populated\">\n\t\t\t\t\t\t<div class=\"elementor-element elementor-element-5030d9b elementor-widget elementor-widget-image\" data-id=\"5030d9b\" data-element_type=\"widget\" data-e-type=\"widget\" data-widget_type=\"image.default\">\n\t\t\t\t<div class=\"elementor-widget-container\">\n\t\t\t\t\t\t\t\t\t\t\t\t\t\t\t<img decoding=\"async\" width=\"1024\" height=\"503\" src=\"https:\/\/disc.erasmus.site\/wp-content\/uploads\/2021\/03\/senior-man-using-his-phone-1024x503.jpg\" class=\"attachment-large size-large wp-image-220\" alt=\"\" srcset=\"https:\/\/disc.erasmus.site\/wp-content\/uploads\/2021\/03\/senior-man-using-his-phone-1024x503.jpg 1024w, https:\/\/disc.erasmus.site\/wp-content\/uploads\/2021\/03\/senior-man-using-his-phone-300x147.jpg 300w, https:\/\/disc.erasmus.site\/wp-content\/uploads\/2021\/03\/senior-man-using-his-phone-768x377.jpg 768w, https:\/\/disc.erasmus.site\/wp-content\/uploads\/2021\/03\/senior-man-using-his-phone-1536x754.jpg 1536w, https:\/\/disc.erasmus.site\/wp-content\/uploads\/2021\/03\/senior-man-using-his-phone-2048x1006.jpg 2048w\" sizes=\"(max-width: 1024px) 100vw, 1024px\" \/>\t\t\t\t\t\t\t\t\t\t\t\t\t\t\t<\/div>\n\t\t\t\t<\/div>\n\t\t\t\t\t<\/div>\n\t\t<\/div>\n\t\t\t\t\t<\/div>\n\t\t<\/section>\n\t\t\t\t<section class=\"elementor-section elementor-top-section elementor-element elementor-element-96ac79b elementor-section-boxed elementor-section-height-default elementor-section-height-default elementor-invisible\" data-id=\"96ac79b\" data-element_type=\"section\" data-e-type=\"section\" data-settings=\"{&quot;animation&quot;:&quot;zoomIn&quot;}\">\n\t\t\t\t\t\t<div class=\"elementor-container elementor-column-gap-default\">\n\t\t\t\t\t<div class=\"elementor-column elementor-col-50 elementor-top-column elementor-element elementor-element-4aae359\" data-id=\"4aae359\" data-element_type=\"column\" data-e-type=\"column\">\n\t\t\t<div class=\"elementor-widget-wrap elementor-element-populated\">\n\t\t\t\t\t\t<div class=\"elementor-element elementor-element-d18852e elementor-widget elementor-widget-image\" data-id=\"d18852e\" data-element_type=\"widget\" data-e-type=\"widget\" data-widget_type=\"image.default\">\n\t\t\t\t<div class=\"elementor-widget-container\">\n\t\t\t\t\t\t\t\t\t\t\t\t\t\t\t<img decoding=\"async\" width=\"1024\" height=\"576\" src=\"https:\/\/disc.erasmus.site\/wp-content\/uploads\/2021\/03\/an-elderly-man-reading-news-with-the-tablet-on-sofa-at-home-an-old-asian-man-is-searching-for-information-on-the-internet-while-sitting-in-living-room-1024x576.jpg\" class=\"attachment-large size-large wp-image-221\" alt=\"\" srcset=\"https:\/\/disc.erasmus.site\/wp-content\/uploads\/2021\/03\/an-elderly-man-reading-news-with-the-tablet-on-sofa-at-home-an-old-asian-man-is-searching-for-information-on-the-internet-while-sitting-in-living-room-1024x576.jpg 1024w, https:\/\/disc.erasmus.site\/wp-content\/uploads\/2021\/03\/an-elderly-man-reading-news-with-the-tablet-on-sofa-at-home-an-old-asian-man-is-searching-for-information-on-the-internet-while-sitting-in-living-room-300x169.jpg 300w, https:\/\/disc.erasmus.site\/wp-content\/uploads\/2021\/03\/an-elderly-man-reading-news-with-the-tablet-on-sofa-at-home-an-old-asian-man-is-searching-for-information-on-the-internet-while-sitting-in-living-room-768x432.jpg 768w, https:\/\/disc.erasmus.site\/wp-content\/uploads\/2021\/03\/an-elderly-man-reading-news-with-the-tablet-on-sofa-at-home-an-old-asian-man-is-searching-for-information-on-the-internet-while-sitting-in-living-room-1536x864.jpg 1536w, https:\/\/disc.erasmus.site\/wp-content\/uploads\/2021\/03\/an-elderly-man-reading-news-with-the-tablet-on-sofa-at-home-an-old-asian-man-is-searching-for-information-on-the-internet-while-sitting-in-living-room-2048x1152.jpg 2048w\" sizes=\"(max-width: 1024px) 100vw, 1024px\" \/>\t\t\t\t\t\t\t\t\t\t\t\t\t\t\t<\/div>\n\t\t\t\t<\/div>\n\t\t\t\t\t<\/div>\n\t\t<\/div>\n\t\t\t\t<div class=\"elementor-column elementor-col-50 elementor-top-column elementor-element elementor-element-913ae6a\" data-id=\"913ae6a\" data-element_type=\"column\" data-e-type=\"column\">\n\t\t\t<div class=\"elementor-widget-wrap elementor-element-populated\">\n\t\t\t\t\t\t<div class=\"elementor-element elementor-element-77b2be7 elementor-widget elementor-widget-text-editor\" data-id=\"77b2be7\" data-element_type=\"widget\" data-e-type=\"widget\" data-widget_type=\"text-editor.default\">\n\t\t\t\t<div class=\"elementor-widget-container\">\n\t\t\t\t\t\t\t\t\t<p><\/p><p><\/p><p><strong>Cyfrowa gra planszowa DiSC<\/strong><\/p><p>Gra online zosta\u0142a opracowana jako cyfrowa wersja typowej turowej gry planszowej, kt\u00f3ra pozwala dw\u00f3m u\u017cytkownikom gra\u0107 przeciwko sobie. Format obejmuje graczy rzucaj\u0105cych kostk\u0105, odpowiadaj\u0105cych na pytania i dokonuj\u0105cych wybor\u00f3w dotycz\u0105cych bezpiecze\u0144stwa cyfrowego.<\/p><p>Gracze przechodz\u0105 przez kolejne etapy poziom\u00f3w trudno\u015bci w ramach kompetencji bezpiecze\u0144stwa cyfrowego poprzez anga\u017cuj\u0105c\u0105 rozgrywk\u0119, kt\u00f3ra zapewnia konsekwencje w grze, koncentruje si\u0119 na rzeczywistych decyzjach i p\u00f3\u017aniejszych skutkach. Gra odzwierciedla prawdziwe \u017cycie w symulowanym \u015brodowisku, aby umo\u017cliwi\u0107 u\u017cytkownikom podejmowanie b\u0142\u0119dnych decyzji dotycz\u0105cych bezpiecze\u0144stwa cyfrowego w symulowanym \u015brodowisku.<\/p><p>.<\/p>\t\t\t\t\t\t\t\t<\/div>\n\t\t\t\t<\/div>\n\t\t\t\t<div class=\"elementor-element elementor-element-b7d09ec elementor-button-success elementor-align-center elementor-widget elementor-widget-button\" data-id=\"b7d09ec\" data-element_type=\"widget\" data-e-type=\"widget\" data-widget_type=\"button.default\">\n\t\t\t\t<div class=\"elementor-widget-container\">\n\t\t\t\t\t\t\t\t\t<div class=\"elementor-button-wrapper\">\n\t\t\t\t\t<a class=\"elementor-button elementor-button-link elementor-size-md\" href=\"https:\/\/disc-game.eu\/\">\n\t\t\t\t\t\t<span class=\"elementor-button-content-wrapper\">\n\t\t\t\t\t\t\t\t\t<span class=\"elementor-button-text\">Otw\u00f3rz rezultat<\/span>\n\t\t\t\t\t<\/span>\n\t\t\t\t\t<\/a>\n\t\t\t\t<\/div>\n\t\t\t\t\t\t\t\t<\/div>\n\t\t\t\t<\/div>\n\t\t\t\t\t<\/div>\n\t\t<\/div>\n\t\t\t\t\t<\/div>\n\t\t<\/section>\n\t\t\t\t<section class=\"elementor-section elementor-top-section elementor-element elementor-element-f9599ae elementor-section-boxed elementor-section-height-default elementor-section-height-default elementor-invisible\" data-id=\"f9599ae\" data-element_type=\"section\" data-e-type=\"section\" data-settings=\"{&quot;animation&quot;:&quot;zoomIn&quot;}\">\n\t\t\t\t\t\t<div class=\"elementor-container elementor-column-gap-default\">\n\t\t\t\t\t<div class=\"elementor-column elementor-col-50 elementor-top-column elementor-element elementor-element-73a34b2\" data-id=\"73a34b2\" data-element_type=\"column\" data-e-type=\"column\">\n\t\t\t<div class=\"elementor-widget-wrap elementor-element-populated\">\n\t\t\t\t\t\t<div class=\"elementor-element elementor-element-eb3e900 elementor-widget elementor-widget-text-editor\" data-id=\"eb3e900\" data-element_type=\"widget\" data-e-type=\"widget\" data-widget_type=\"text-editor.default\">\n\t\t\t\t<div class=\"elementor-widget-container\">\n\t\t\t\t\t\t\t\t\t<p><\/p><p><strong>Bezpiecze\u0144stwo cyfrowe dla senior\u00f3w. Sprawozdanie z pilota\u017cu i ocena skutk\u00f3w oraz zalecenia dotycz\u0105ce polityki<\/strong><\/p><p>Zalecenia dotycz\u0105ce polityki zosta\u0142y opracowane w formie opartego na dowodach sprawozdania z oceny wp\u0142ywu, w kt\u00f3rym przedstawione zostan\u0105 informacje zwrotne zebrane podczas ka\u017cdego z etap\u00f3w pilota\u017cu i dzia\u0142a\u0144 anga\u017cuj\u0105cych zainteresowane strony, analiza ustale\u0144 i zalecenia dotycz\u0105ce polityki w oparciu o oceniony wp\u0142yw na poziomie lokalnym, regionalnym, krajowym i europejskim.<\/p><p>Raport jest kluczowym \u017ar\u00f3d\u0142em maj\u0105cym na celu maksymalizacj\u0119 wykorzystania rezultat\u00f3w projektu przez senior\u00f3w poprzez dostarczenie opartego na dowodach raportu na temat osi\u0105gni\u0119\u0107 projektu.<\/p>\t\t\t\t\t\t\t\t<\/div>\n\t\t\t\t<\/div>\n\t\t\t\t<div class=\"elementor-element elementor-element-281056c elementor-button-success elementor-align-center elementor-widget elementor-widget-button\" data-id=\"281056c\" data-element_type=\"widget\" data-e-type=\"widget\" data-widget_type=\"button.default\">\n\t\t\t\t<div class=\"elementor-widget-container\">\n\t\t\t\t\t\t\t\t\t<div class=\"elementor-button-wrapper\">\n\t\t\t\t\t<a class=\"elementor-button elementor-button-link elementor-size-md\" href=\"https:\/\/disc.erasmus.site\/wp-content\/uploads\/2023\/07\/DiSC_IO4_PL.pdf\" target=\"_blank\">\n\t\t\t\t\t\t<span class=\"elementor-button-content-wrapper\">\n\t\t\t\t\t\t\t\t\t<span class=\"elementor-button-text\">Otw\u00f3rz rezultat<\/span>\n\t\t\t\t\t<\/span>\n\t\t\t\t\t<\/a>\n\t\t\t\t<\/div>\n\t\t\t\t\t\t\t\t<\/div>\n\t\t\t\t<\/div>\n\t\t\t\t\t<\/div>\n\t\t<\/div>\n\t\t\t\t<div class=\"elementor-column elementor-col-50 elementor-top-column elementor-element elementor-element-06cc76e\" data-id=\"06cc76e\" data-element_type=\"column\" data-e-type=\"column\">\n\t\t\t<div class=\"elementor-widget-wrap elementor-element-populated\">\n\t\t\t\t\t\t<div class=\"elementor-element elementor-element-f0e9d4c elementor-widget elementor-widget-image\" data-id=\"f0e9d4c\" data-element_type=\"widget\" data-e-type=\"widget\" data-widget_type=\"image.default\">\n\t\t\t\t<div class=\"elementor-widget-container\">\n\t\t\t\t\t\t\t\t\t\t\t\t\t\t\t<img loading=\"lazy\" decoding=\"async\" width=\"1024\" height=\"683\" src=\"https:\/\/disc.erasmus.site\/wp-content\/uploads\/2021\/03\/senior-online-concept-and-pandemic-concept-1024x683.jpg\" class=\"attachment-large size-large wp-image-222\" alt=\"\" srcset=\"https:\/\/disc.erasmus.site\/wp-content\/uploads\/2021\/03\/senior-online-concept-and-pandemic-concept-1024x683.jpg 1024w, https:\/\/disc.erasmus.site\/wp-content\/uploads\/2021\/03\/senior-online-concept-and-pandemic-concept-300x200.jpg 300w, https:\/\/disc.erasmus.site\/wp-content\/uploads\/2021\/03\/senior-online-concept-and-pandemic-concept-768x512.jpg 768w, https:\/\/disc.erasmus.site\/wp-content\/uploads\/2021\/03\/senior-online-concept-and-pandemic-concept-1536x1024.jpg 1536w, https:\/\/disc.erasmus.site\/wp-content\/uploads\/2021\/03\/senior-online-concept-and-pandemic-concept-2048x1365.jpg 2048w, https:\/\/disc.erasmus.site\/wp-content\/uploads\/2021\/03\/senior-online-concept-and-pandemic-concept-930x620.jpg 930w\" sizes=\"(max-width: 1024px) 100vw, 1024px\" \/>\t\t\t\t\t\t\t\t\t\t\t\t\t\t\t<\/div>\n\t\t\t\t<\/div>\n\t\t\t\t\t<\/div>\n\t\t<\/div>\n\t\t\t\t\t<\/div>\n\t\t<\/section>\n\t\t\t\t<\/div>\n\t\t","protected":false},"excerpt":{"rendered":"<p>Ramy kompetencji w zakresie bezpiecze\u0144stwa cyfrowego Te innowacyjne ramy kompetencji zapewniaj\u0105 skuteczn\u0105 metod\u0119 oceny umiej\u0119tno\u015bci i wiedzy os\u00f3b starszych w oparciu o standardowy zestaw atrybut\u00f3w. Ramy te opieraj\u0105 si\u0119 na ramach DigComp 2.1, kt\u00f3re nie zapewniaj\u0105 kompetencji pozwalaj\u0105cych wyra\u017anie zaj\u0105\u0107 si\u0119 oszustwami i zagro\u017ceniami cyfrowymi, kt\u00f3re s\u0105 wykorzystywane do kradzie\u017cy danych i informacji u\u017cytkownik\u00f3w internetu.&hellip;&nbsp;<a href=\"https:\/\/disc.erasmus.site\/pl\/project-results\/\" rel=\"bookmark\">Dowiedz si\u0119 wi\u0119cej &raquo;<span class=\"screen-reader-text\">Rezultaty projektu<\/span><\/a><\/p>\n","protected":false},"author":1,"featured_media":0,"parent":0,"menu_order":0,"comment_status":"closed","ping_status":"closed","template":"","meta":{"neve_meta_sidebar":"full-width","neve_meta_container":"","neve_meta_enable_content_width":"on","neve_meta_content_width":100,"neve_meta_title_alignment":"","neve_meta_author_avatar":"","neve_post_elements_order":"","neve_meta_disable_header":"","neve_meta_disable_footer":"","neve_meta_disable_title":"","footnotes":""},"class_list":["post-145","page","type-page","status-publish","hentry"],"_links":{"self":[{"href":"https:\/\/disc.erasmus.site\/pl\/wp-json\/wp\/v2\/pages\/145","targetHints":{"allow":["GET"]}}],"collection":[{"href":"https:\/\/disc.erasmus.site\/pl\/wp-json\/wp\/v2\/pages"}],"about":[{"href":"https:\/\/disc.erasmus.site\/pl\/wp-json\/wp\/v2\/types\/page"}],"author":[{"embeddable":true,"href":"https:\/\/disc.erasmus.site\/pl\/wp-json\/wp\/v2\/users\/1"}],"replies":[{"embeddable":true,"href":"https:\/\/disc.erasmus.site\/pl\/wp-json\/wp\/v2\/comments?post=145"}],"version-history":[{"count":83,"href":"https:\/\/disc.erasmus.site\/pl\/wp-json\/wp\/v2\/pages\/145\/revisions"}],"predecessor-version":[{"id":491,"href":"https:\/\/disc.erasmus.site\/pl\/wp-json\/wp\/v2\/pages\/145\/revisions\/491"}],"wp:attachment":[{"href":"https:\/\/disc.erasmus.site\/pl\/wp-json\/wp\/v2\/media?parent=145"}],"curies":[{"name":"wp","href":"https:\/\/api.w.org\/{rel}","templated":true}]}}