{"id":367,"date":"2021-07-28T18:07:40","date_gmt":"2021-07-28T18:07:40","guid":{"rendered":"https:\/\/disc.erasmus.site\/?page_id=367"},"modified":"2021-08-02T08:54:32","modified_gmt":"2021-08-02T08:54:32","slug":"self-assessment","status":"publish","type":"page","link":"https:\/\/disc.erasmus.site\/fr\/self-assessment\/","title":{"rendered":"Questionnaire d\u2019\u00e9valuation de comp\u00e9tences en s\u00e9curit\u00e9 num\u00e9rique"},"content":{"rendered":"","protected":false},"excerpt":{"rendered":"","protected":false},"author":1,"featured_media":0,"parent":0,"menu_order":0,"comment_status":"closed","ping_status":"closed","template":"","meta":{"neve_meta_sidebar":"","neve_meta_container":"","neve_meta_enable_content_width":"","neve_meta_content_width":0,"neve_meta_title_alignment":"","neve_meta_author_avatar":"","neve_post_elements_order":"","neve_meta_disable_header":"","neve_meta_disable_footer":"","neve_meta_disable_title":"","footnotes":""},"class_list":["post-367","page","type-page","status-publish","hentry"],"_links":{"self":[{"href":"https:\/\/disc.erasmus.site\/fr\/wp-json\/wp\/v2\/pages\/367","targetHints":{"allow":["GET"]}}],"collection":[{"href":"https:\/\/disc.erasmus.site\/fr\/wp-json\/wp\/v2\/pages"}],"about":[{"href":"https:\/\/disc.erasmus.site\/fr\/wp-json\/wp\/v2\/types\/page"}],"author":[{"embeddable":true,"href":"https:\/\/disc.erasmus.site\/fr\/wp-json\/wp\/v2\/users\/1"}],"replies":[{"embeddable":true,"href":"https:\/\/disc.erasmus.site\/fr\/wp-json\/wp\/v2\/comments?post=367"}],"version-history":[{"count":0,"href":"https:\/\/disc.erasmus.site\/fr\/wp-json\/wp\/v2\/pages\/367\/revisions"}],"wp:attachment":[{"href":"https:\/\/disc.erasmus.site\/fr\/wp-json\/wp\/v2\/media?parent=367"}],"curies":[{"name":"wp","href":"https:\/\/api.w.org\/{rel}","templated":true}]}}