{"id":187,"date":"2021-02-27T19:32:40","date_gmt":"2021-02-27T19:32:40","guid":{"rendered":"https:\/\/disc.erasmus.site\/?page_id=187"},"modified":"2023-07-21T13:19:43","modified_gmt":"2023-07-21T13:19:43","slug":"about-the-project","status":"publish","type":"page","link":"https:\/\/disc.erasmus.site\/fr\/about-the-project\/","title":{"rendered":"R\u00e9sum\u00e9 du projet"},"content":{"rendered":"<p>Le projet DiSC vise \u00e0 am\u00e9liorer les connaissances et comp\u00e9tences num\u00e9riques des seniors afin qu&rsquo;ils soient en mesure d\u2019identifier les menaces et les escroqueries sur internet, ainsi que de se prot\u00e9ger contre celles-ci.<\/p>\n<p>Le projet est financ\u00e9 par l&rsquo;appel \u00e0 propositions Action cl\u00e9 2 : \u00c9ducation des adultes du programme Erasmus+. Le projet DiSC a d\u00e9but\u00e9 le 1er d\u00e9cembre 2020 et durera 24 mois jusqu&rsquo;au 30 novembre 2022.<\/p>\n<p>Le consortium du projet est compos\u00e9 de cinq organisations qui apportent une richesse d&rsquo;exp\u00e9rience et d&rsquo;expertise de toute l&rsquo;Europe. CWEP de Pologne, E-Seniors de France, Innohive de Gr\u00e8ce, FyG Consultores d\u2019Espagne, et Cuiablue du Royaume-Uni. Vous pouvez en savoir plus sur les<a href=\"https:\/\/disc.erasmus.site\/partners\/\"> partenaires du projet ici<\/a>.<\/p>\n<p><img fetchpriority=\"high\" decoding=\"async\" class=\"wp-image-229 alignleft\" src=\"https:\/\/disc.erasmus.site\/wp-content\/uploads\/2021\/03\/4901932-scaled.jpg\" alt=\"\" width=\"630\" height=\"420\" srcset=\"https:\/\/disc.erasmus.site\/wp-content\/uploads\/2021\/03\/4901932-scaled.jpg 2560w, https:\/\/disc.erasmus.site\/wp-content\/uploads\/2021\/03\/4901932-300x200.jpg 300w, https:\/\/disc.erasmus.site\/wp-content\/uploads\/2021\/03\/4901932-1024x683.jpg 1024w, https:\/\/disc.erasmus.site\/wp-content\/uploads\/2021\/03\/4901932-768x512.jpg 768w, https:\/\/disc.erasmus.site\/wp-content\/uploads\/2021\/03\/4901932-1536x1024.jpg 1536w, https:\/\/disc.erasmus.site\/wp-content\/uploads\/2021\/03\/4901932-2048x1365.jpg 2048w, https:\/\/disc.erasmus.site\/wp-content\/uploads\/2021\/03\/4901932-930x620.jpg 930w\" sizes=\"(max-width: 630px) 100vw, 630px\" \/><\/p>\n<p>Le projet d\u00e9veloppera un cadre de comp\u00e9tences en s\u00e9curit\u00e9 num\u00e9rique afin de guider les seniors \u00e0 identifier les comp\u00e9tences qui les aideront \u00e0 se prot\u00e9ger contre les menaces.<\/p>\n<p>Afin de garantir une utilisation pratique du cadre, DiSC d\u00e9veloppera \u00e9galement un questionnaire permettant d\u2019\u00e9valuer le niveau de comp\u00e9tence des seniors en mati\u00e8re de s\u00e9curit\u00e9 num\u00e9rique.<\/p>\n<p>Cet outil sera compl\u00e9t\u00e9 par un jeu en ligne permettant aux utilisateurs de mettre en pratique leurs comp\u00e9tences en s\u00e9curit\u00e9 num\u00e9rique dans un lieu s\u00fbr.<\/p>\n<p>Enfin, le projet cherchera \u00e9galement \u00e0 influencer la politique au niveau national et europ\u00e9en, en rassemblant des conclusions et des recommandations politiques bas\u00e9es sur des donn\u00e9es recueillies tout au long du projet.<\/p>\n<p>Les b\u00e9n\u00e9ficiaires vis\u00e9s par le projet sont les seniors de 55 ans et plus, ainsi que les organisations qui se concentrent sur l&rsquo;am\u00e9lioration et le renforcement des comp\u00e9tences des seniors en mati\u00e8re de TIC.<\/p>\n<p>Le concept du projet a \u00e9t\u00e9 d\u00e9velopp\u00e9 dans le prolongement d&rsquo;un certain nombre d&rsquo;initiatives \u00e0 petite \u00e9chelle lanc\u00e9es au niveau local, et vise \u00e0 en tirer parti et \u00e0 maintenir des liens solides avec les acteurs locaux et r\u00e9gionaux du consortium.<\/p>\n<p>En plus d&rsquo;\u00e9duquer les seniors sur les menaces de s\u00e9curit\u00e9 num\u00e9rique, DiSC vise \u00e0 changer les attitudes des seniors qui pensent \u00eatre trop petits pour faire la diff\u00e9rence sur les questions de cybers\u00e9curit\u00e9 nationale et europ\u00e9enne. Nous y parviendrons en sensibilisant et en changeant l&rsquo;\u00e9tat d&rsquo;esprit des seniors et des formateurs TIC qui les forment.<\/p>\n","protected":false},"excerpt":{"rendered":"<p>Le projet DiSC vise \u00e0 am\u00e9liorer les connaissances et comp\u00e9tences num\u00e9riques des seniors afin qu&rsquo;ils soient en mesure d\u2019identifier les menaces et les escroqueries sur internet, ainsi que de se prot\u00e9ger contre celles-ci. Le projet est financ\u00e9 par l&rsquo;appel \u00e0 propositions Action cl\u00e9 2 : \u00c9ducation des adultes du programme Erasmus+. Le projet DiSC a&hellip;&nbsp;<a href=\"https:\/\/disc.erasmus.site\/fr\/about-the-project\/\" rel=\"bookmark\">Lire la suite &raquo;<span class=\"screen-reader-text\">R\u00e9sum\u00e9 du projet<\/span><\/a><\/p>\n","protected":false},"author":1,"featured_media":0,"parent":0,"menu_order":0,"comment_status":"closed","ping_status":"closed","template":"","meta":{"neve_meta_sidebar":"full-width","neve_meta_container":"","neve_meta_enable_content_width":"on","neve_meta_content_width":100,"neve_meta_title_alignment":"","neve_meta_author_avatar":"","neve_post_elements_order":"","neve_meta_disable_header":"","neve_meta_disable_footer":"","neve_meta_disable_title":"","footnotes":""},"class_list":["post-187","page","type-page","status-publish","hentry"],"_links":{"self":[{"href":"https:\/\/disc.erasmus.site\/fr\/wp-json\/wp\/v2\/pages\/187","targetHints":{"allow":["GET"]}}],"collection":[{"href":"https:\/\/disc.erasmus.site\/fr\/wp-json\/wp\/v2\/pages"}],"about":[{"href":"https:\/\/disc.erasmus.site\/fr\/wp-json\/wp\/v2\/types\/page"}],"author":[{"embeddable":true,"href":"https:\/\/disc.erasmus.site\/fr\/wp-json\/wp\/v2\/users\/1"}],"replies":[{"embeddable":true,"href":"https:\/\/disc.erasmus.site\/fr\/wp-json\/wp\/v2\/comments?post=187"}],"version-history":[{"count":17,"href":"https:\/\/disc.erasmus.site\/fr\/wp-json\/wp\/v2\/pages\/187\/revisions"}],"predecessor-version":[{"id":472,"href":"https:\/\/disc.erasmus.site\/fr\/wp-json\/wp\/v2\/pages\/187\/revisions\/472"}],"wp:attachment":[{"href":"https:\/\/disc.erasmus.site\/fr\/wp-json\/wp\/v2\/media?parent=187"}],"curies":[{"name":"wp","href":"https:\/\/api.w.org\/{rel}","templated":true}]}}