{"id":145,"date":"2021-02-27T18:54:22","date_gmt":"2021-02-27T18:54:22","guid":{"rendered":"https:\/\/disc.erasmus.site\/?page_id=145"},"modified":"2023-07-21T14:02:52","modified_gmt":"2023-07-21T14:02:52","slug":"project-results","status":"publish","type":"page","link":"https:\/\/disc.erasmus.site\/fr\/project-results\/","title":{"rendered":"R\u00e9sulats du projet"},"content":{"rendered":"\t\t<div data-elementor-type=\"wp-page\" data-elementor-id=\"145\" class=\"elementor elementor-145\">\n\t\t\t\t\t\t<section class=\"elementor-section elementor-top-section elementor-element elementor-element-eee6393 elementor-section-boxed elementor-section-height-default elementor-section-height-default elementor-invisible\" data-id=\"eee6393\" data-element_type=\"section\" data-e-type=\"section\" data-settings=\"{&quot;animation&quot;:&quot;zoomIn&quot;}\">\n\t\t\t\t\t\t<div class=\"elementor-container elementor-column-gap-default\">\n\t\t\t\t\t<div class=\"elementor-column elementor-col-50 elementor-top-column elementor-element elementor-element-3b8b5e6\" data-id=\"3b8b5e6\" data-element_type=\"column\" data-e-type=\"column\">\n\t\t\t<div class=\"elementor-widget-wrap elementor-element-populated\">\n\t\t\t\t\t\t<div class=\"elementor-element elementor-element-e979a4f elementor-widget elementor-widget-image\" data-id=\"e979a4f\" data-element_type=\"widget\" data-e-type=\"widget\" data-widget_type=\"image.default\">\n\t\t\t\t<div class=\"elementor-widget-container\">\n\t\t\t\t\t\t\t\t\t\t\t\t\t\t\t<img fetchpriority=\"high\" decoding=\"async\" width=\"1024\" height=\"957\" src=\"https:\/\/disc.erasmus.site\/wp-content\/uploads\/2021\/03\/senior-couple-holding-with-blank-board-1024x957.jpg\" class=\"attachment-large size-large wp-image-219\" alt=\"\" srcset=\"https:\/\/disc.erasmus.site\/wp-content\/uploads\/2021\/03\/senior-couple-holding-with-blank-board-1024x957.jpg 1024w, https:\/\/disc.erasmus.site\/wp-content\/uploads\/2021\/03\/senior-couple-holding-with-blank-board-300x280.jpg 300w, https:\/\/disc.erasmus.site\/wp-content\/uploads\/2021\/03\/senior-couple-holding-with-blank-board-768x718.jpg 768w, https:\/\/disc.erasmus.site\/wp-content\/uploads\/2021\/03\/senior-couple-holding-with-blank-board-1536x1436.jpg 1536w, https:\/\/disc.erasmus.site\/wp-content\/uploads\/2021\/03\/senior-couple-holding-with-blank-board-2048x1915.jpg 2048w\" sizes=\"(max-width: 1024px) 100vw, 1024px\" \/>\t\t\t\t\t\t\t\t\t\t\t\t\t\t\t<\/div>\n\t\t\t\t<\/div>\n\t\t\t\t\t<\/div>\n\t\t<\/div>\n\t\t\t\t<div class=\"elementor-column elementor-col-50 elementor-top-column elementor-element elementor-element-e994a37\" data-id=\"e994a37\" data-element_type=\"column\" data-e-type=\"column\">\n\t\t\t<div class=\"elementor-widget-wrap elementor-element-populated\">\n\t\t\t\t\t\t<div class=\"elementor-element elementor-element-61c786a elementor-widget elementor-widget-text-editor\" data-id=\"61c786a\" data-element_type=\"widget\" data-e-type=\"widget\" data-widget_type=\"text-editor.default\">\n\t\t\t\t<div class=\"elementor-widget-container\">\n\t\t\t\t\t\t\t\t\t<p><\/p><p><strong>Cadre de comp\u00e9tences en s\u00e9curit\u00e9 num\u00e9rique<\/strong><\/p><p>Ce cadre de comp\u00e9tences innovant fournira une m\u00e9thode efficace pour \u00e9valuer les comp\u00e9tences et les connaissances des seniors, \u00e0 travers un ensemble standardis\u00e9 d&rsquo;attributs. Le cadre s&rsquo;appuiera sur le cadre <a href=\"https:\/\/ec.europa.eu\/jrc\/en\/publication\/eur-scientific-and-technical-research-reports\/digcomp-21-digital-competence-framework-citizens-eight-proficiency-levels-and-examples-use\">DigComp 2.1<\/a> qui ne pr\u00e9voit pas de comp\u00e9tences pour lutter explicitement contre les escroqueries et les menaces num\u00e9riques qui sont utilis\u00e9es pour voler les donn\u00e9es et les informations des personnes en ligne<\/p><p>Le cadre d\u00e9finira les connaissances et les comp\u00e9tences recommand\u00e9es en mati\u00e8re de s\u00e9curit\u00e9 num\u00e9rique pour que les seniors puissent se prot\u00e9ger de mani\u00e8re autonome contre les risques en ligne, et visera les personnes \u00e2g\u00e9es de plus de 55 ans. Le cadre peut \u00e9galement \u00eatre utile aux enseignants, formateurs et \u00e9ducateurs en TIC qui participent \u00e0 l&rsquo;am\u00e9lioration des comp\u00e9tences technologiques et au renforcement des capacit\u00e9s des seniors.<\/p>\t\t\t\t\t\t\t\t<\/div>\n\t\t\t\t<\/div>\n\t\t\t\t<div class=\"elementor-element elementor-element-d227328 elementor-button-success elementor-align-center elementor-widget elementor-widget-button\" data-id=\"d227328\" data-element_type=\"widget\" data-e-type=\"widget\" data-widget_type=\"button.default\">\n\t\t\t\t<div class=\"elementor-widget-container\">\n\t\t\t\t\t\t\t\t\t<div class=\"elementor-button-wrapper\">\n\t\t\t\t\t<a class=\"elementor-button elementor-button-link elementor-size-md\" href=\"https:\/\/disc.erasmus.site\/wp-content\/uploads\/2022\/02\/FR_DiSC_Competency_Framework_FINAL.pdf\" target=\"_blank\">\n\t\t\t\t\t\t<span class=\"elementor-button-content-wrapper\">\n\t\t\t\t\t\t\t\t\t<span class=\"elementor-button-text\">Ouvrir le R\u00e9sultat<\/span>\n\t\t\t\t\t<\/span>\n\t\t\t\t\t<\/a>\n\t\t\t\t<\/div>\n\t\t\t\t\t\t\t\t<\/div>\n\t\t\t\t<\/div>\n\t\t\t\t\t<\/div>\n\t\t<\/div>\n\t\t\t\t\t<\/div>\n\t\t<\/section>\n\t\t\t\t<section class=\"elementor-section elementor-top-section elementor-element elementor-element-5bfc51c elementor-section-boxed elementor-section-height-default elementor-section-height-default elementor-invisible\" data-id=\"5bfc51c\" data-element_type=\"section\" data-e-type=\"section\" data-settings=\"{&quot;animation&quot;:&quot;zoomIn&quot;}\">\n\t\t\t\t\t\t<div class=\"elementor-container elementor-column-gap-default\">\n\t\t\t\t\t<div class=\"elementor-column elementor-col-50 elementor-top-column elementor-element elementor-element-2575624\" data-id=\"2575624\" data-element_type=\"column\" data-e-type=\"column\">\n\t\t\t<div class=\"elementor-widget-wrap elementor-element-populated\">\n\t\t\t\t\t\t<div class=\"elementor-element elementor-element-93976b9 elementor-widget elementor-widget-text-editor\" data-id=\"93976b9\" data-element_type=\"widget\" data-e-type=\"widget\" data-widget_type=\"text-editor.default\">\n\t\t\t\t<div class=\"elementor-widget-container\">\n\t\t\t\t\t\t\t\t\t<p><\/p><p><strong>Questionnaire d\u2019\u00e9valuation de comp\u00e9tences en s\u00e9curit\u00e9 num\u00e9rique<\/strong><\/p><p>L&rsquo;outil interactif d&rsquo;\u00e9valuation ajoutera des recommandations sur la mani\u00e8re dont les personnes peuvent atteindre les niveaux de comp\u00e9tence du cadre de comp\u00e9tences en mati\u00e8re de s\u00e9curit\u00e9 num\u00e9rique. Il comprendra un exemple pertinent des connaissances et des comp\u00e9tences \u00e0 chaque niveau du cadre de comp\u00e9tences.<\/p><p>L&rsquo;outil peut \u00eatre utilis\u00e9 par les seniors pour \u00e9valuer leur niveau de comp\u00e9tence en mati\u00e8re de s\u00e9curit\u00e9 num\u00e9rique. L&rsquo;outil pr\u00e9sentera l&rsquo;\u00e9valuation des comp\u00e9tences des utilisateurs comme leur \u00ab\u00a0certificat de comp\u00e9tence en s\u00e9curit\u00e9 num\u00e9rique\u00a0\u00bb. Le certificat peut \u00eatre \u00e9largi pour inclure des comp\u00e9tences suppl\u00e9mentaires au fur et \u00e0 mesure que l&rsquo;utilisateur les acquiert.<\/p>\t\t\t\t\t\t\t\t<\/div>\n\t\t\t\t<\/div>\n\t\t\t\t<div class=\"elementor-element elementor-element-9e7e5f1 elementor-button-success elementor-align-center elementor-widget elementor-widget-button\" data-id=\"9e7e5f1\" data-element_type=\"widget\" data-e-type=\"widget\" data-widget_type=\"button.default\">\n\t\t\t\t<div class=\"elementor-widget-container\">\n\t\t\t\t\t\t\t\t\t<div class=\"elementor-button-wrapper\">\n\t\t\t\t\t<a class=\"elementor-button elementor-button-link elementor-size-md\" href=\"\/fr\/self-assessment\">\n\t\t\t\t\t\t<span class=\"elementor-button-content-wrapper\">\n\t\t\t\t\t\t\t\t\t<span class=\"elementor-button-text\">Ouvrir le R\u00e9sultat<\/span>\n\t\t\t\t\t<\/span>\n\t\t\t\t\t<\/a>\n\t\t\t\t<\/div>\n\t\t\t\t\t\t\t\t<\/div>\n\t\t\t\t<\/div>\n\t\t\t\t\t<\/div>\n\t\t<\/div>\n\t\t\t\t<div class=\"elementor-column elementor-col-50 elementor-top-column elementor-element elementor-element-9fbc966\" data-id=\"9fbc966\" data-element_type=\"column\" data-e-type=\"column\">\n\t\t\t<div class=\"elementor-widget-wrap elementor-element-populated\">\n\t\t\t\t\t\t<div class=\"elementor-element elementor-element-5030d9b elementor-widget elementor-widget-image\" data-id=\"5030d9b\" data-element_type=\"widget\" data-e-type=\"widget\" data-widget_type=\"image.default\">\n\t\t\t\t<div class=\"elementor-widget-container\">\n\t\t\t\t\t\t\t\t\t\t\t\t\t\t\t<img decoding=\"async\" width=\"1024\" height=\"503\" src=\"https:\/\/disc.erasmus.site\/wp-content\/uploads\/2021\/03\/senior-man-using-his-phone-1024x503.jpg\" class=\"attachment-large size-large wp-image-220\" alt=\"\" srcset=\"https:\/\/disc.erasmus.site\/wp-content\/uploads\/2021\/03\/senior-man-using-his-phone-1024x503.jpg 1024w, https:\/\/disc.erasmus.site\/wp-content\/uploads\/2021\/03\/senior-man-using-his-phone-300x147.jpg 300w, https:\/\/disc.erasmus.site\/wp-content\/uploads\/2021\/03\/senior-man-using-his-phone-768x377.jpg 768w, https:\/\/disc.erasmus.site\/wp-content\/uploads\/2021\/03\/senior-man-using-his-phone-1536x754.jpg 1536w, https:\/\/disc.erasmus.site\/wp-content\/uploads\/2021\/03\/senior-man-using-his-phone-2048x1006.jpg 2048w\" sizes=\"(max-width: 1024px) 100vw, 1024px\" \/>\t\t\t\t\t\t\t\t\t\t\t\t\t\t\t<\/div>\n\t\t\t\t<\/div>\n\t\t\t\t\t<\/div>\n\t\t<\/div>\n\t\t\t\t\t<\/div>\n\t\t<\/section>\n\t\t\t\t<section class=\"elementor-section elementor-top-section elementor-element elementor-element-96ac79b elementor-section-boxed elementor-section-height-default elementor-section-height-default elementor-invisible\" data-id=\"96ac79b\" data-element_type=\"section\" data-e-type=\"section\" data-settings=\"{&quot;animation&quot;:&quot;zoomIn&quot;}\">\n\t\t\t\t\t\t<div class=\"elementor-container elementor-column-gap-default\">\n\t\t\t\t\t<div class=\"elementor-column elementor-col-50 elementor-top-column elementor-element elementor-element-4aae359\" data-id=\"4aae359\" data-element_type=\"column\" data-e-type=\"column\">\n\t\t\t<div class=\"elementor-widget-wrap elementor-element-populated\">\n\t\t\t\t\t\t<div class=\"elementor-element elementor-element-d18852e elementor-widget elementor-widget-image\" data-id=\"d18852e\" data-element_type=\"widget\" data-e-type=\"widget\" data-widget_type=\"image.default\">\n\t\t\t\t<div class=\"elementor-widget-container\">\n\t\t\t\t\t\t\t\t\t\t\t\t\t\t\t<img decoding=\"async\" width=\"1024\" height=\"576\" src=\"https:\/\/disc.erasmus.site\/wp-content\/uploads\/2021\/03\/an-elderly-man-reading-news-with-the-tablet-on-sofa-at-home-an-old-asian-man-is-searching-for-information-on-the-internet-while-sitting-in-living-room-1024x576.jpg\" class=\"attachment-large size-large wp-image-221\" alt=\"\" srcset=\"https:\/\/disc.erasmus.site\/wp-content\/uploads\/2021\/03\/an-elderly-man-reading-news-with-the-tablet-on-sofa-at-home-an-old-asian-man-is-searching-for-information-on-the-internet-while-sitting-in-living-room-1024x576.jpg 1024w, https:\/\/disc.erasmus.site\/wp-content\/uploads\/2021\/03\/an-elderly-man-reading-news-with-the-tablet-on-sofa-at-home-an-old-asian-man-is-searching-for-information-on-the-internet-while-sitting-in-living-room-300x169.jpg 300w, https:\/\/disc.erasmus.site\/wp-content\/uploads\/2021\/03\/an-elderly-man-reading-news-with-the-tablet-on-sofa-at-home-an-old-asian-man-is-searching-for-information-on-the-internet-while-sitting-in-living-room-768x432.jpg 768w, https:\/\/disc.erasmus.site\/wp-content\/uploads\/2021\/03\/an-elderly-man-reading-news-with-the-tablet-on-sofa-at-home-an-old-asian-man-is-searching-for-information-on-the-internet-while-sitting-in-living-room-1536x864.jpg 1536w, https:\/\/disc.erasmus.site\/wp-content\/uploads\/2021\/03\/an-elderly-man-reading-news-with-the-tablet-on-sofa-at-home-an-old-asian-man-is-searching-for-information-on-the-internet-while-sitting-in-living-room-2048x1152.jpg 2048w\" sizes=\"(max-width: 1024px) 100vw, 1024px\" \/>\t\t\t\t\t\t\t\t\t\t\t\t\t\t\t<\/div>\n\t\t\t\t<\/div>\n\t\t\t\t\t<\/div>\n\t\t<\/div>\n\t\t\t\t<div class=\"elementor-column elementor-col-50 elementor-top-column elementor-element elementor-element-913ae6a\" data-id=\"913ae6a\" data-element_type=\"column\" data-e-type=\"column\">\n\t\t\t<div class=\"elementor-widget-wrap elementor-element-populated\">\n\t\t\t\t\t\t<div class=\"elementor-element elementor-element-77b2be7 elementor-widget elementor-widget-text-editor\" data-id=\"77b2be7\" data-element_type=\"widget\" data-e-type=\"widget\" data-widget_type=\"text-editor.default\">\n\t\t\t\t<div class=\"elementor-widget-container\">\n\t\t\t\t\t\t\t\t\t<p><\/p><p><strong>Jeu interactif en ligne sur la s\u00e9curit\u00e9 num\u00e9rique<\/strong><\/p><p>Ce jeu en ligne sera d\u00e9velopp\u00e9 comme une version num\u00e9rique d&rsquo;un jeu de plateau typique qui permettra \u00e0 deux utilisateurs de jouer l&rsquo;un contre l&rsquo;autre. Le format consistera \u00e0 lancer des d\u00e9s, \u00e0 r\u00e9pondre \u00e0 des questions et \u00e0 faire des choix en mati\u00e8re de s\u00e9curit\u00e9 num\u00e9rique.<\/p><p>Les joueurs pourront progresser \u00e0 travers les \u00e9tapes des niveaux de comp\u00e9tence du cadre de comp\u00e9tences en mati\u00e8re de s\u00e9curit\u00e9 num\u00e9rique gr\u00e2ce \u00e0 un jeu engageant qui fournira des cons\u00e9quences dans le jeu qui sont ax\u00e9es sur les d\u00e9cisions de la vie r\u00e9elle et les effets ult\u00e9rieurs. Le jeu refl\u00e9tera la vie r\u00e9elle, dans un environnement simul\u00e9, pour permettre aux utilisateurs de prendre de mauvaises d\u00e9cisions en mati\u00e8re de s\u00e9curit\u00e9 num\u00e9rique dans un environnement s\u00fbr et s\u00e9curis\u00e9.<\/p>\t\t\t\t\t\t\t\t<\/div>\n\t\t\t\t<\/div>\n\t\t\t\t<div class=\"elementor-element elementor-element-b7d09ec elementor-button-success elementor-align-center elementor-widget elementor-widget-button\" data-id=\"b7d09ec\" data-element_type=\"widget\" data-e-type=\"widget\" data-widget_type=\"button.default\">\n\t\t\t\t<div class=\"elementor-widget-container\">\n\t\t\t\t\t\t\t\t\t<div class=\"elementor-button-wrapper\">\n\t\t\t\t\t<a class=\"elementor-button elementor-button-link elementor-size-md\" href=\"https:\/\/disc-game.eu\/\">\n\t\t\t\t\t\t<span class=\"elementor-button-content-wrapper\">\n\t\t\t\t\t\t\t\t\t<span class=\"elementor-button-text\">Ouvrir le R\u00e9sultat<\/span>\n\t\t\t\t\t<\/span>\n\t\t\t\t\t<\/a>\n\t\t\t\t<\/div>\n\t\t\t\t\t\t\t\t<\/div>\n\t\t\t\t<\/div>\n\t\t\t\t\t<\/div>\n\t\t<\/div>\n\t\t\t\t\t<\/div>\n\t\t<\/section>\n\t\t\t\t<section class=\"elementor-section elementor-top-section elementor-element elementor-element-f9599ae elementor-section-boxed elementor-section-height-default elementor-section-height-default elementor-invisible\" data-id=\"f9599ae\" data-element_type=\"section\" data-e-type=\"section\" data-settings=\"{&quot;animation&quot;:&quot;zoomIn&quot;}\">\n\t\t\t\t\t\t<div class=\"elementor-container elementor-column-gap-default\">\n\t\t\t\t\t<div class=\"elementor-column elementor-col-50 elementor-top-column elementor-element elementor-element-73a34b2\" data-id=\"73a34b2\" data-element_type=\"column\" data-e-type=\"column\">\n\t\t\t<div class=\"elementor-widget-wrap elementor-element-populated\">\n\t\t\t\t\t\t<div class=\"elementor-element elementor-element-eb3e900 elementor-widget elementor-widget-text-editor\" data-id=\"eb3e900\" data-element_type=\"widget\" data-e-type=\"widget\" data-widget_type=\"text-editor.default\">\n\t\t\t\t<div class=\"elementor-widget-container\">\n\t\t\t\t\t\t\t\t\t<p><\/p><p><strong>Recommandations politiques<\/strong><\/p><p>Les recommandations politiques seront produites sous la forme d&rsquo;un rapport d&rsquo;\u00e9valuation d&rsquo;impact bas\u00e9 sur des preuves, qui pr\u00e9sentera les informations recueillies lors de chacune des phases de pilotage et des activit\u00e9s d&rsquo;engagement des parties prenantes, une analyse des r\u00e9sultats, et donnera des recommandations politiques bas\u00e9es sur l&rsquo;impact \u00e9valu\u00e9 au niveau local, r\u00e9gional, national et europ\u00e9en.<\/p><p>Le rapport sera une ressource cl\u00e9 utilis\u00e9e pour maximiser l&rsquo;adoption des r\u00e9sultats du projet par les seniors en fournissant un rapport bas\u00e9 sur les preuves des r\u00e9alisations du projet.<\/p>\t\t\t\t\t\t\t\t<\/div>\n\t\t\t\t<\/div>\n\t\t\t\t<div class=\"elementor-element elementor-element-281056c elementor-button-success elementor-align-center elementor-widget elementor-widget-button\" data-id=\"281056c\" data-element_type=\"widget\" data-e-type=\"widget\" data-widget_type=\"button.default\">\n\t\t\t\t<div class=\"elementor-widget-container\">\n\t\t\t\t\t\t\t\t\t<div class=\"elementor-button-wrapper\">\n\t\t\t\t\t<a class=\"elementor-button elementor-button-link elementor-size-md\" href=\"https:\/\/disc.erasmus.site\/wp-content\/uploads\/2023\/07\/DiSC_IO4_FR.pdf\" target=\"_blank\">\n\t\t\t\t\t\t<span class=\"elementor-button-content-wrapper\">\n\t\t\t\t\t\t\t\t\t<span class=\"elementor-button-text\">Ouvrir le R\u00e9sultat<\/span>\n\t\t\t\t\t<\/span>\n\t\t\t\t\t<\/a>\n\t\t\t\t<\/div>\n\t\t\t\t\t\t\t\t<\/div>\n\t\t\t\t<\/div>\n\t\t\t\t\t<\/div>\n\t\t<\/div>\n\t\t\t\t<div class=\"elementor-column elementor-col-50 elementor-top-column elementor-element elementor-element-06cc76e\" data-id=\"06cc76e\" data-element_type=\"column\" data-e-type=\"column\">\n\t\t\t<div class=\"elementor-widget-wrap elementor-element-populated\">\n\t\t\t\t\t\t<div class=\"elementor-element elementor-element-f0e9d4c elementor-widget elementor-widget-image\" data-id=\"f0e9d4c\" data-element_type=\"widget\" data-e-type=\"widget\" data-widget_type=\"image.default\">\n\t\t\t\t<div class=\"elementor-widget-container\">\n\t\t\t\t\t\t\t\t\t\t\t\t\t\t\t<img loading=\"lazy\" decoding=\"async\" width=\"1024\" height=\"683\" src=\"https:\/\/disc.erasmus.site\/wp-content\/uploads\/2021\/03\/senior-online-concept-and-pandemic-concept-1024x683.jpg\" class=\"attachment-large size-large wp-image-222\" alt=\"\" srcset=\"https:\/\/disc.erasmus.site\/wp-content\/uploads\/2021\/03\/senior-online-concept-and-pandemic-concept-1024x683.jpg 1024w, https:\/\/disc.erasmus.site\/wp-content\/uploads\/2021\/03\/senior-online-concept-and-pandemic-concept-300x200.jpg 300w, https:\/\/disc.erasmus.site\/wp-content\/uploads\/2021\/03\/senior-online-concept-and-pandemic-concept-768x512.jpg 768w, https:\/\/disc.erasmus.site\/wp-content\/uploads\/2021\/03\/senior-online-concept-and-pandemic-concept-1536x1024.jpg 1536w, https:\/\/disc.erasmus.site\/wp-content\/uploads\/2021\/03\/senior-online-concept-and-pandemic-concept-2048x1365.jpg 2048w, https:\/\/disc.erasmus.site\/wp-content\/uploads\/2021\/03\/senior-online-concept-and-pandemic-concept-930x620.jpg 930w\" sizes=\"(max-width: 1024px) 100vw, 1024px\" \/>\t\t\t\t\t\t\t\t\t\t\t\t\t\t\t<\/div>\n\t\t\t\t<\/div>\n\t\t\t\t\t<\/div>\n\t\t<\/div>\n\t\t\t\t\t<\/div>\n\t\t<\/section>\n\t\t\t\t<\/div>\n\t\t","protected":false},"excerpt":{"rendered":"<p>Cadre de comp\u00e9tences en s\u00e9curit\u00e9 num\u00e9rique Ce cadre de comp\u00e9tences innovant fournira une m\u00e9thode efficace pour \u00e9valuer les comp\u00e9tences et les connaissances des seniors, \u00e0 travers un ensemble standardis\u00e9 d&rsquo;attributs. Le cadre s&rsquo;appuiera sur le cadre DigComp 2.1 qui ne pr\u00e9voit pas de comp\u00e9tences pour lutter explicitement contre les escroqueries et les menaces num\u00e9riques qui&hellip;&nbsp;<a href=\"https:\/\/disc.erasmus.site\/fr\/project-results\/\" rel=\"bookmark\">Lire la suite &raquo;<span class=\"screen-reader-text\">R\u00e9sulats du projet<\/span><\/a><\/p>\n","protected":false},"author":1,"featured_media":0,"parent":0,"menu_order":0,"comment_status":"closed","ping_status":"closed","template":"","meta":{"neve_meta_sidebar":"full-width","neve_meta_container":"","neve_meta_enable_content_width":"on","neve_meta_content_width":100,"neve_meta_title_alignment":"","neve_meta_author_avatar":"","neve_post_elements_order":"","neve_meta_disable_header":"","neve_meta_disable_footer":"","neve_meta_disable_title":"","footnotes":""},"class_list":["post-145","page","type-page","status-publish","hentry"],"_links":{"self":[{"href":"https:\/\/disc.erasmus.site\/fr\/wp-json\/wp\/v2\/pages\/145","targetHints":{"allow":["GET"]}}],"collection":[{"href":"https:\/\/disc.erasmus.site\/fr\/wp-json\/wp\/v2\/pages"}],"about":[{"href":"https:\/\/disc.erasmus.site\/fr\/wp-json\/wp\/v2\/types\/page"}],"author":[{"embeddable":true,"href":"https:\/\/disc.erasmus.site\/fr\/wp-json\/wp\/v2\/users\/1"}],"replies":[{"embeddable":true,"href":"https:\/\/disc.erasmus.site\/fr\/wp-json\/wp\/v2\/comments?post=145"}],"version-history":[{"count":83,"href":"https:\/\/disc.erasmus.site\/fr\/wp-json\/wp\/v2\/pages\/145\/revisions"}],"predecessor-version":[{"id":491,"href":"https:\/\/disc.erasmus.site\/fr\/wp-json\/wp\/v2\/pages\/145\/revisions\/491"}],"wp:attachment":[{"href":"https:\/\/disc.erasmus.site\/fr\/wp-json\/wp\/v2\/media?parent=145"}],"curies":[{"name":"wp","href":"https:\/\/api.w.org\/{rel}","templated":true}]}}