{"id":187,"date":"2021-02-27T19:32:40","date_gmt":"2021-02-27T19:32:40","guid":{"rendered":"https:\/\/disc.erasmus.site\/?page_id=187"},"modified":"2023-07-21T13:19:43","modified_gmt":"2023-07-21T13:19:43","slug":"about-the-project","status":"publish","type":"page","link":"https:\/\/disc.erasmus.site\/es\/about-the-project\/","title":{"rendered":"Descripci\u00f3n del proyecto"},"content":{"rendered":"<p>El proyecto DiSC tiene como objetivo <strong>apoyar y capacitar a las personas mayores<\/strong> para que aumenten sus habilidades y conocimientos digitales y puedan <strong>identificar y protegerse<\/strong> de forma proactiva <strong>contra las amenazas de ciberseguridad y las estafas<\/strong> que tienen lugar a trav\u00e9s de la tecnolog\u00eda y los dispositivos.<\/p>\n<p>El proyecto se financi\u00f3 a trav\u00e9s de la convocatoria Acci\u00f3n Clave 2: Educaci\u00f3n de Adultos del programa Erasmus+. El proyecto DiSC comenz\u00f3 el 1 de diciembre de 2020 y tuvo una duraci\u00f3n de 30 meses hasta finales de mayo de 2023.<\/p>\n<p>El consorcio del proyecto estaba formado por cinco organizaciones que aportaban una gran experiencia y conocimientos de toda Europa. CWEP (coordinador del proyecto) de Polonia, e-Seniors de Francia, Innohive de Grecia, FyG Consultores de Espa\u00f1a y Cuiablue del Reino Unido. Puede obtener m\u00e1s informaci\u00f3n sobre<br \/>\n<a href=\"https:\/\/disc.erasmus.site\/partners\/\">socios del consorcio aqu\u00ed<\/a>.<\/p>\n<p><img fetchpriority=\"high\" decoding=\"async\" class=\"wp-image-229 alignleft\" src=\"https:\/\/disc.erasmus.site\/wp-content\/uploads\/2021\/03\/4901932-scaled.jpg\" alt=\"\" width=\"630\" height=\"420\" srcset=\"https:\/\/disc.erasmus.site\/wp-content\/uploads\/2021\/03\/4901932-scaled.jpg 2560w, https:\/\/disc.erasmus.site\/wp-content\/uploads\/2021\/03\/4901932-300x200.jpg 300w, https:\/\/disc.erasmus.site\/wp-content\/uploads\/2021\/03\/4901932-1024x683.jpg 1024w, https:\/\/disc.erasmus.site\/wp-content\/uploads\/2021\/03\/4901932-768x512.jpg 768w, https:\/\/disc.erasmus.site\/wp-content\/uploads\/2021\/03\/4901932-1536x1024.jpg 1536w, https:\/\/disc.erasmus.site\/wp-content\/uploads\/2021\/03\/4901932-2048x1365.jpg 2048w, https:\/\/disc.erasmus.site\/wp-content\/uploads\/2021\/03\/4901932-930x620.jpg 930w\" sizes=\"(max-width: 630px) 100vw, 630px\" \/><\/p>\n<p>El proyecto desarroll\u00f3 un <strong>marco de competencias de seguridad digital<\/strong> para guiar a los ciudadanos mayores en la identificaci\u00f3n y cuantificaci\u00f3n de las habilidades que les ayudar\u00e1n a protegerse de las amenazas a la seguridad digital.<\/p>\n<p>Para garantizar que el marco se utiliza de forma pr\u00e1ctica, DiSC tambi\u00e9n desarroll\u00f3 una <strong>herramienta de evaluaci\u00f3n comparativa digital<\/strong> para que los usuarios finales midieran su nivel de competencias en seguridad digital.<\/p>\n<p>A ello se sum\u00f3 un <strong>juego en l\u00ednea<\/strong> para que los usuarios pudieran practicar sus competencias en seguridad digital en un entorno virtual seguro.<\/p>\n<p>Por \u00faltimo, el proyecto trat\u00f3 de influir en la pol\u00edtica nacional y europea, reuniendo <strong>conclusiones basadas en pruebas y recomendaciones pol\u00edticas<\/strong> a partir de los datos recopilados a lo largo del proyecto.<\/p>\n<p>Los <strong>beneficiarios<\/strong> del proyecto <strong>eran personas mayores de 55 a\u00f1os<\/strong>. Adem\u00e1s, el proyecto cont\u00f3 con la participaci\u00f3n de organizaciones dedicadas a aumentar las competencias en TIC de las personas mayores.<\/p>\n<p>El concepto del proyecto se desarroll\u00f3 como una ampliaci\u00f3n de una serie de iniciativas a peque\u00f1a escala iniciadas a nivel comunitario y pretende basarse en ellas y mantener fuertes v\u00ednculos con las partes interesadas locales y regionales del consorcio.<\/p>\n<p>Adem\u00e1s de educar a los ciudadanos mayores sobre las amenazas a la seguridad digital, DiSC pretend\u00eda cambiar las actitudes de los ciudadanos mayores que creen que no pueden marcar una diferencia en cuestiones de ciberseguridad nacional y europea. Para ello se concienci\u00f3 y cambi\u00f3 la mentalidad de los ciudadanos mayores y de los educadores en TIC que los forman.<\/p>\n","protected":false},"excerpt":{"rendered":"<p>El proyecto DiSC tiene como objetivo apoyar y capacitar a las personas mayores para que aumenten sus habilidades y conocimientos digitales y puedan identificar y protegerse de forma proactiva contra las amenazas de ciberseguridad y las estafas que tienen lugar a trav\u00e9s de la tecnolog\u00eda y los dispositivos. El proyecto se financi\u00f3 a trav\u00e9s de&hellip;&nbsp;<a href=\"https:\/\/disc.erasmus.site\/es\/about-the-project\/\" rel=\"bookmark\">Leer m\u00e1s &raquo;<span class=\"screen-reader-text\">Descripci\u00f3n del proyecto<\/span><\/a><\/p>\n","protected":false},"author":1,"featured_media":0,"parent":0,"menu_order":0,"comment_status":"closed","ping_status":"closed","template":"","meta":{"neve_meta_sidebar":"full-width","neve_meta_container":"","neve_meta_enable_content_width":"on","neve_meta_content_width":100,"neve_meta_title_alignment":"","neve_meta_author_avatar":"","neve_post_elements_order":"","neve_meta_disable_header":"","neve_meta_disable_footer":"","neve_meta_disable_title":"","footnotes":""},"class_list":["post-187","page","type-page","status-publish","hentry"],"_links":{"self":[{"href":"https:\/\/disc.erasmus.site\/es\/wp-json\/wp\/v2\/pages\/187","targetHints":{"allow":["GET"]}}],"collection":[{"href":"https:\/\/disc.erasmus.site\/es\/wp-json\/wp\/v2\/pages"}],"about":[{"href":"https:\/\/disc.erasmus.site\/es\/wp-json\/wp\/v2\/types\/page"}],"author":[{"embeddable":true,"href":"https:\/\/disc.erasmus.site\/es\/wp-json\/wp\/v2\/users\/1"}],"replies":[{"embeddable":true,"href":"https:\/\/disc.erasmus.site\/es\/wp-json\/wp\/v2\/comments?post=187"}],"version-history":[{"count":17,"href":"https:\/\/disc.erasmus.site\/es\/wp-json\/wp\/v2\/pages\/187\/revisions"}],"predecessor-version":[{"id":472,"href":"https:\/\/disc.erasmus.site\/es\/wp-json\/wp\/v2\/pages\/187\/revisions\/472"}],"wp:attachment":[{"href":"https:\/\/disc.erasmus.site\/es\/wp-json\/wp\/v2\/media?parent=187"}],"curies":[{"name":"wp","href":"https:\/\/api.w.org\/{rel}","templated":true}]}}