{"id":161,"date":"2021-02-27T19:17:11","date_gmt":"2021-02-27T19:17:11","guid":{"rendered":"https:\/\/disc.erasmus.site\/?page_id=161"},"modified":"2021-07-23T14:14:03","modified_gmt":"2021-07-23T14:14:03","slug":"partners","status":"publish","type":"page","link":"https:\/\/disc.erasmus.site\/es\/partners\/","title":{"rendered":"Socios"},"content":{"rendered":"\t\t<div data-elementor-type=\"wp-page\" data-elementor-id=\"161\" class=\"elementor elementor-161\">\n\t\t\t\t\t\t<section class=\"elementor-section elementor-top-section elementor-element elementor-element-ee790e9 elementor-section-boxed elementor-section-height-default elementor-section-height-default elementor-invisible\" data-id=\"ee790e9\" data-element_type=\"section\" data-e-type=\"section\" data-settings=\"{&quot;animation&quot;:&quot;fadeIn&quot;}\">\n\t\t\t\t\t\t<div class=\"elementor-container elementor-column-gap-default\">\n\t\t\t\t\t<div class=\"elementor-column elementor-col-50 elementor-top-column elementor-element elementor-element-83d4c83\" data-id=\"83d4c83\" data-element_type=\"column\" data-e-type=\"column\">\n\t\t\t<div class=\"elementor-widget-wrap elementor-element-populated\">\n\t\t\t\t\t\t<div class=\"elementor-element elementor-element-4a29efa elementor-widget elementor-widget-heading\" data-id=\"4a29efa\" data-element_type=\"widget\" data-e-type=\"widget\" data-widget_type=\"heading.default\">\n\t\t\t\t<div class=\"elementor-widget-container\">\n\t\t\t\t\t<h2 class=\"elementor-heading-title elementor-size-large\">Centre For Education And Entrepreneurship Support<\/h2>\t\t\t\t<\/div>\n\t\t\t\t<\/div>\n\t\t\t\t<div class=\"elementor-element elementor-element-9b4c982 elementor-widget elementor-widget-text-editor\" data-id=\"9b4c982\" data-element_type=\"widget\" data-e-type=\"widget\" data-widget_type=\"text-editor.default\">\n\t\t\t\t<div class=\"elementor-widget-container\">\n\t\t\t\t\t\t\t\t\t<p><\/p><p>El Centro de Apoyo a la Educaci\u00f3n y Emprendedores (CWEP en polaco) es una organizaci\u00f3n no gubernamental fundada en 2004 por un grupo de emprendedores, profesores, y activistas sociales de Rzeszow. CWEP coopera con instituciones educativas y de negocios. La misi\u00f3n del CWEP es la de mejorar la calidad de la formaci\u00f3n educativa a todos los niveles y en todas sus formas. Del mismo modo, promueve el emprendimiento para fomentar la integraci\u00f3n de cualquier grupo social, independientemente de su sexo, edad y origen \u00e9tnico. La intenci\u00f3n de CWEP es promover y aplicar las mejores soluciones que sirvan para este fin. En particular, los objetivos son mejorar la accesibilidad, la calidad y la eficiencia de la educaci\u00f3n de todas las personas, promover y contribuir a la educaci\u00f3n de adultos, el aprendizaje permanente, el aprendizaje electr\u00f3nico y el uso de las nuevas tecnolog\u00edas en la educaci\u00f3n y el esp\u00edritu empresarial. La Asociaci\u00f3n trabaja con muchos socios de Europa para fortalecer la posici\u00f3n econ\u00f3mica de las empresas y proporciona una plataforma en l\u00ednea para las empresas.<\/p><p>Sitio web:<a href=\"https:\/\/cwep.eu\" target=\"_blank\" rel=\"noopener\">\u00a0www.cwep.eu<\/a> <\/p><p><\/p><p><\/p><p><\/p>\t\t\t\t\t\t\t\t<\/div>\n\t\t\t\t<\/div>\n\t\t\t\t\t<\/div>\n\t\t<\/div>\n\t\t\t\t<div class=\"elementor-column elementor-col-50 elementor-top-column elementor-element elementor-element-40af119\" data-id=\"40af119\" data-element_type=\"column\" data-e-type=\"column\">\n\t\t\t<div class=\"elementor-widget-wrap elementor-element-populated\">\n\t\t\t\t\t\t<div class=\"elementor-element elementor-element-510b032 elementor-widget elementor-widget-image\" data-id=\"510b032\" data-element_type=\"widget\" data-e-type=\"widget\" data-widget_type=\"image.default\">\n\t\t\t\t<div class=\"elementor-widget-container\">\n\t\t\t\t\t\t\t\t\t\t\t\t\t\t\t<img fetchpriority=\"high\" decoding=\"async\" width=\"300\" height=\"300\" src=\"https:\/\/disc.erasmus.site\/wp-content\/uploads\/2021\/02\/cwep.png\" class=\"attachment-large size-large wp-image-171\" alt=\"\" srcset=\"https:\/\/disc.erasmus.site\/wp-content\/uploads\/2021\/02\/cwep.png 300w, https:\/\/disc.erasmus.site\/wp-content\/uploads\/2021\/02\/cwep-150x150.png 150w\" sizes=\"(max-width: 300px) 100vw, 300px\" \/>\t\t\t\t\t\t\t\t\t\t\t\t\t\t\t<\/div>\n\t\t\t\t<\/div>\n\t\t\t\t\t<\/div>\n\t\t<\/div>\n\t\t\t\t\t<\/div>\n\t\t<\/section>\n\t\t\t\t<section class=\"elementor-section elementor-top-section elementor-element elementor-element-028eed6 elementor-section-boxed elementor-section-height-default elementor-section-height-default\" data-id=\"028eed6\" data-element_type=\"section\" data-e-type=\"section\">\n\t\t\t\t\t\t<div class=\"elementor-container elementor-column-gap-default\">\n\t\t\t\t\t<div class=\"elementor-column elementor-col-100 elementor-top-column elementor-element elementor-element-4aae894\" data-id=\"4aae894\" data-element_type=\"column\" data-e-type=\"column\">\n\t\t\t<div class=\"elementor-widget-wrap elementor-element-populated\">\n\t\t\t\t\t\t<div class=\"elementor-element elementor-element-3325681 elementor-widget-divider--view-line elementor-widget elementor-widget-divider\" data-id=\"3325681\" data-element_type=\"widget\" data-e-type=\"widget\" data-widget_type=\"divider.default\">\n\t\t\t\t<div class=\"elementor-widget-container\">\n\t\t\t\t\t\t\t<div class=\"elementor-divider\">\n\t\t\t<span class=\"elementor-divider-separator\">\n\t\t\t\t\t\t<\/span>\n\t\t<\/div>\n\t\t\t\t\t\t<\/div>\n\t\t\t\t<\/div>\n\t\t\t\t\t<\/div>\n\t\t<\/div>\n\t\t\t\t\t<\/div>\n\t\t<\/section>\n\t\t\t\t<section class=\"elementor-section elementor-top-section elementor-element elementor-element-073c795 elementor-section-boxed elementor-section-height-default elementor-section-height-default elementor-invisible\" data-id=\"073c795\" data-element_type=\"section\" data-e-type=\"section\" data-settings=\"{&quot;animation&quot;:&quot;fadeIn&quot;}\">\n\t\t\t\t\t\t<div class=\"elementor-container elementor-column-gap-default\">\n\t\t\t\t\t<div class=\"elementor-column elementor-col-50 elementor-top-column elementor-element elementor-element-bb39171\" data-id=\"bb39171\" data-element_type=\"column\" data-e-type=\"column\">\n\t\t\t<div class=\"elementor-widget-wrap elementor-element-populated\">\n\t\t\t\t\t\t<div class=\"elementor-element elementor-element-d879c50 elementor-widget elementor-widget-image\" data-id=\"d879c50\" data-element_type=\"widget\" data-e-type=\"widget\" data-widget_type=\"image.default\">\n\t\t\t\t<div class=\"elementor-widget-container\">\n\t\t\t\t\t\t\t\t\t\t\t\t\t\t\t<img decoding=\"async\" width=\"266\" height=\"284\" src=\"https:\/\/disc.erasmus.site\/wp-content\/uploads\/2021\/02\/Cuiablue-Logo-Transparent-Background.png\" class=\"attachment-large size-large wp-image-163\" alt=\"\" \/>\t\t\t\t\t\t\t\t\t\t\t\t\t\t\t<\/div>\n\t\t\t\t<\/div>\n\t\t\t\t\t<\/div>\n\t\t<\/div>\n\t\t\t\t<div class=\"elementor-column elementor-col-50 elementor-top-column elementor-element elementor-element-606e62b\" data-id=\"606e62b\" data-element_type=\"column\" data-e-type=\"column\">\n\t\t\t<div class=\"elementor-widget-wrap elementor-element-populated\">\n\t\t\t\t\t\t<div class=\"elementor-element elementor-element-836634d elementor-widget elementor-widget-heading\" data-id=\"836634d\" data-element_type=\"widget\" data-e-type=\"widget\" data-widget_type=\"heading.default\">\n\t\t\t\t<div class=\"elementor-widget-container\">\n\t\t\t\t\t<h2 class=\"elementor-heading-title elementor-size-large\">Cuiablue<\/h2>\t\t\t\t<\/div>\n\t\t\t\t<\/div>\n\t\t\t\t<div class=\"elementor-element elementor-element-dc3c029 elementor-widget elementor-widget-text-editor\" data-id=\"dc3c029\" data-element_type=\"widget\" data-e-type=\"widget\" data-widget_type=\"text-editor.default\">\n\t\t\t\t<div class=\"elementor-widget-container\">\n\t\t\t\t\t\t\t\t\t<p><\/p><p>Cuiablue es una organizaci\u00f3n de innovaci\u00f3n social con sede en el Reino Unido. Logramos nuestros objetivos de generar una innovaci\u00f3n social significativa que genere valor a\u00f1adido a trav\u00e9s de enfoques innovadores, pr\u00e1cticos y espec\u00edficos que logren un cambio social positivo y sostenible. Nuestro objetivo es generar impactos positivos en los \u00e1mbitos de la educaci\u00f3n de adultos, el aprendizaje permanente, la formaci\u00f3n profesional y la capacitaci\u00f3n, al tiempo que fomentamos la capacitaci\u00f3n de los j\u00f3venes y abordamos las principales prioridades europeas.<\/p><p>Sitio web: <a href=\"https:\/\/www.cuiablue.co.uk\/\">https:\/\/www.cuiablue.co.uk\/<\/a><\/p><p><\/p><p><\/p><p><\/p><p><\/p>\t\t\t\t\t\t\t\t<\/div>\n\t\t\t\t<\/div>\n\t\t\t\t\t<\/div>\n\t\t<\/div>\n\t\t\t\t\t<\/div>\n\t\t<\/section>\n\t\t\t\t<section class=\"elementor-section elementor-top-section elementor-element elementor-element-14f08bd elementor-section-boxed elementor-section-height-default elementor-section-height-default\" data-id=\"14f08bd\" data-element_type=\"section\" data-e-type=\"section\">\n\t\t\t\t\t\t<div class=\"elementor-container elementor-column-gap-default\">\n\t\t\t\t\t<div class=\"elementor-column elementor-col-100 elementor-top-column elementor-element elementor-element-b1a7546\" data-id=\"b1a7546\" data-element_type=\"column\" data-e-type=\"column\">\n\t\t\t<div class=\"elementor-widget-wrap elementor-element-populated\">\n\t\t\t\t\t\t<div class=\"elementor-element elementor-element-c958f7d elementor-widget-divider--view-line elementor-widget elementor-widget-divider\" data-id=\"c958f7d\" data-element_type=\"widget\" data-e-type=\"widget\" data-widget_type=\"divider.default\">\n\t\t\t\t<div class=\"elementor-widget-container\">\n\t\t\t\t\t\t\t<div class=\"elementor-divider\">\n\t\t\t<span class=\"elementor-divider-separator\">\n\t\t\t\t\t\t<\/span>\n\t\t<\/div>\n\t\t\t\t\t\t<\/div>\n\t\t\t\t<\/div>\n\t\t\t\t\t<\/div>\n\t\t<\/div>\n\t\t\t\t\t<\/div>\n\t\t<\/section>\n\t\t\t\t<section class=\"elementor-section elementor-top-section elementor-element elementor-element-acc3478 elementor-section-boxed elementor-section-height-default elementor-section-height-default elementor-invisible\" data-id=\"acc3478\" data-element_type=\"section\" data-e-type=\"section\" data-settings=\"{&quot;animation&quot;:&quot;fadeIn&quot;}\">\n\t\t\t\t\t\t<div class=\"elementor-container elementor-column-gap-default\">\n\t\t\t\t\t<div class=\"elementor-column elementor-col-50 elementor-top-column elementor-element elementor-element-e5b86bc\" data-id=\"e5b86bc\" data-element_type=\"column\" data-e-type=\"column\">\n\t\t\t<div class=\"elementor-widget-wrap elementor-element-populated\">\n\t\t\t\t\t\t<div class=\"elementor-element elementor-element-3758bfc elementor-widget elementor-widget-heading\" data-id=\"3758bfc\" data-element_type=\"widget\" data-e-type=\"widget\" data-widget_type=\"heading.default\">\n\t\t\t\t<div class=\"elementor-widget-container\">\n\t\t\t\t\t<h2 class=\"elementor-heading-title elementor-size-large\">E-Seniors<\/h2>\t\t\t\t<\/div>\n\t\t\t\t<\/div>\n\t\t\t\t<div class=\"elementor-element elementor-element-ba1c67d elementor-widget elementor-widget-text-editor\" data-id=\"ba1c67d\" data-element_type=\"widget\" data-e-type=\"widget\" data-widget_type=\"text-editor.default\">\n\t\t\t\t<div class=\"elementor-widget-container\">\n\t\t\t\t\t\t\t\t\t<p><\/p><p><\/p><p>E-Seniors es una organizaci\u00f3n no gubernamental sin \u00e1nimo de lucro, fundada en 2005 por Monique Epstein, directora ejecutiva de la asociaci\u00f3n. E-Seniors pretende luchar contra la e-exclusi\u00f3n ofreciendo formaci\u00f3n en TIC a los mayores (personas de 55 a\u00f1os o m\u00e1s). Sus principales objetivos son<\/p><p>reducir la brecha digital entre generaciones,<br \/>fomentar la participaci\u00f3n social de los mayores,<br \/>proponer actividades que animen a los mayores a pasar activamente su tiempo libre.<br \/>Desde su creaci\u00f3n, E-Seniors imparte cursos de TIC para mayores en diversos lugares p\u00fablicos y abre constantemente nuevos cursos en toda la regi\u00f3n parisina, con el fin de ofrecer servicios de proximidad teniendo en cuenta el ritmo, los intereses y las necesidades de su p\u00fablico. A trav\u00e9s de sus acciones para y con las personas mayores, E-Seniors tambi\u00e9n sensibiliza sobre la importancia de las soluciones TIC en la vida cotidiana. La asociaci\u00f3n tambi\u00e9n propone actividades de juego interactivo en residencias de ancianos, hogares de jubilados y centros de d\u00eda. E-Seniors es consciente de los retos a los que se enfrentan tanto las personas mayores sanas como las dependientes y participa en el desarrollo de nuevos productos y servicios destinados a impulsar la vida independiente y a mantener la salud f\u00edsica y mental.<\/p><p>Sitio web: <a href=\"http:\/\/www.e-seniors.asso.fr\/\" target=\"_blank\" rel=\"noopener\">http:\/\/www.e-seniors.asso.fr\/<\/a><\/p><p><\/p><p><\/p><p><\/p><p><\/p>\t\t\t\t\t\t\t\t<\/div>\n\t\t\t\t<\/div>\n\t\t\t\t\t<\/div>\n\t\t<\/div>\n\t\t\t\t<div class=\"elementor-column elementor-col-50 elementor-top-column elementor-element elementor-element-1ad67da\" data-id=\"1ad67da\" data-element_type=\"column\" data-e-type=\"column\">\n\t\t\t<div class=\"elementor-widget-wrap elementor-element-populated\">\n\t\t\t\t\t\t<div class=\"elementor-element elementor-element-2341fa7 elementor-widget elementor-widget-image\" data-id=\"2341fa7\" data-element_type=\"widget\" data-e-type=\"widget\" data-widget_type=\"image.default\">\n\t\t\t\t<div class=\"elementor-widget-container\">\n\t\t\t\t\t\t\t\t\t\t\t\t\t\t\t<img decoding=\"async\" width=\"140\" height=\"140\" src=\"https:\/\/disc.erasmus.site\/wp-content\/uploads\/2021\/02\/Logo_E-Seniors.jpg\" class=\"attachment-large size-large wp-image-175\" alt=\"\" \/>\t\t\t\t\t\t\t\t\t\t\t\t\t\t\t<\/div>\n\t\t\t\t<\/div>\n\t\t\t\t\t<\/div>\n\t\t<\/div>\n\t\t\t\t\t<\/div>\n\t\t<\/section>\n\t\t\t\t<section class=\"elementor-section elementor-top-section elementor-element elementor-element-ab1c516 elementor-section-boxed elementor-section-height-default elementor-section-height-default\" data-id=\"ab1c516\" data-element_type=\"section\" data-e-type=\"section\">\n\t\t\t\t\t\t<div class=\"elementor-container elementor-column-gap-default\">\n\t\t\t\t\t<div class=\"elementor-column elementor-col-100 elementor-top-column elementor-element elementor-element-f5754af\" data-id=\"f5754af\" data-element_type=\"column\" data-e-type=\"column\">\n\t\t\t<div class=\"elementor-widget-wrap elementor-element-populated\">\n\t\t\t\t\t\t<div class=\"elementor-element elementor-element-842592a elementor-widget-divider--view-line elementor-widget elementor-widget-divider\" data-id=\"842592a\" data-element_type=\"widget\" data-e-type=\"widget\" data-widget_type=\"divider.default\">\n\t\t\t\t<div class=\"elementor-widget-container\">\n\t\t\t\t\t\t\t<div class=\"elementor-divider\">\n\t\t\t<span class=\"elementor-divider-separator\">\n\t\t\t\t\t\t<\/span>\n\t\t<\/div>\n\t\t\t\t\t\t<\/div>\n\t\t\t\t<\/div>\n\t\t\t\t\t<\/div>\n\t\t<\/div>\n\t\t\t\t\t<\/div>\n\t\t<\/section>\n\t\t\t\t<section class=\"elementor-section elementor-top-section elementor-element elementor-element-4b7f367 elementor-section-boxed elementor-section-height-default elementor-section-height-default elementor-invisible\" data-id=\"4b7f367\" data-element_type=\"section\" data-e-type=\"section\" data-settings=\"{&quot;animation&quot;:&quot;fadeIn&quot;}\">\n\t\t\t\t\t\t<div class=\"elementor-container elementor-column-gap-default\">\n\t\t\t\t\t<div class=\"elementor-column elementor-col-50 elementor-top-column elementor-element elementor-element-3b90b44\" data-id=\"3b90b44\" data-element_type=\"column\" data-e-type=\"column\">\n\t\t\t<div class=\"elementor-widget-wrap elementor-element-populated\">\n\t\t\t\t\t\t<div class=\"elementor-element elementor-element-6fe673b elementor-widget elementor-widget-image\" data-id=\"6fe673b\" data-element_type=\"widget\" data-e-type=\"widget\" data-widget_type=\"image.default\">\n\t\t\t\t<div class=\"elementor-widget-container\">\n\t\t\t\t\t\t\t\t\t\t\t\t\t\t\t<img loading=\"lazy\" decoding=\"async\" width=\"300\" height=\"300\" src=\"https:\/\/disc.erasmus.site\/wp-content\/uploads\/2021\/02\/fyg.png\" class=\"attachment-large size-large wp-image-177\" alt=\"\" srcset=\"https:\/\/disc.erasmus.site\/wp-content\/uploads\/2021\/02\/fyg.png 300w, https:\/\/disc.erasmus.site\/wp-content\/uploads\/2021\/02\/fyg-150x150.png 150w\" sizes=\"(max-width: 300px) 100vw, 300px\" \/>\t\t\t\t\t\t\t\t\t\t\t\t\t\t\t<\/div>\n\t\t\t\t<\/div>\n\t\t\t\t\t<\/div>\n\t\t<\/div>\n\t\t\t\t<div class=\"elementor-column elementor-col-50 elementor-top-column elementor-element elementor-element-78ff63b\" data-id=\"78ff63b\" data-element_type=\"column\" data-e-type=\"column\">\n\t\t\t<div class=\"elementor-widget-wrap elementor-element-populated\">\n\t\t\t\t\t\t<div class=\"elementor-element elementor-element-612773a elementor-widget elementor-widget-heading\" data-id=\"612773a\" data-element_type=\"widget\" data-e-type=\"widget\" data-widget_type=\"heading.default\">\n\t\t\t\t<div class=\"elementor-widget-container\">\n\t\t\t\t\t<h2 class=\"elementor-heading-title elementor-size-large\">FyG Consultores<\/h2>\t\t\t\t<\/div>\n\t\t\t\t<\/div>\n\t\t\t\t<div class=\"elementor-element elementor-element-cc1b67f elementor-widget elementor-widget-text-editor\" data-id=\"cc1b67f\" data-element_type=\"widget\" data-e-type=\"widget\" data-widget_type=\"text-editor.default\">\n\t\t\t\t<div class=\"elementor-widget-container\">\n\t\t\t\t\t\t\t\t\t<p><\/p><p><\/p><p>FyG Consultores (FYG) es una empresa privada de formaci\u00f3n de alto nivel, pionera en la cocreaci\u00f3n con empresas, adultos y j\u00f3venes en la formaci\u00f3n en conceptos innovadores, creaci\u00f3n de empresas, competencias b\u00e1sicas de empleabilidad, alfabetizaci\u00f3n y aritm\u00e9tica, emprendimiento y formaci\u00f3n en habilidades blandas y duras. FyG act\u00faa activamente como empresa de educaci\u00f3n y formaci\u00f3n promoviendo y potenciando el desarrollo de adultos en busca de nuevas oportunidades y ayud\u00e1ndoles a ser m\u00e1s empleables, enfrent\u00e1ndose a diferentes factores de exclusi\u00f3n: j\u00f3venes y adultos con dificultades educativas, desempleados con obst\u00e1culos econ\u00f3micos o sociales.<\/p><p>FyG tiene experiencia en la realizaci\u00f3n de una amplia gama de cursos de formaci\u00f3n y programas de tutor\u00eda para empresas, emprendedores, Start-Ups, tambi\u00e9n con individuos de grupos desfavorecidos. Act\u00faa como un organismo de orientaci\u00f3n profesional, asesoramiento e informaci\u00f3n que proporciona servicios de inserci\u00f3n laboral e intermediaci\u00f3n en el mercado de trabajo para desempleados como: orientaci\u00f3n, formaci\u00f3n, evaluaci\u00f3n e informaci\u00f3n.<\/p><p>Sito web: <a href=\"http:\/\/www.fygconsultores.com\/\">www.fygconsultores.com<\/a><\/p><p><\/p><p><\/p><p><\/p><p><\/p>\t\t\t\t\t\t\t\t<\/div>\n\t\t\t\t<\/div>\n\t\t\t\t\t<\/div>\n\t\t<\/div>\n\t\t\t\t\t<\/div>\n\t\t<\/section>\n\t\t\t\t<section class=\"elementor-section elementor-top-section elementor-element elementor-element-e3c7f82 elementor-section-boxed elementor-section-height-default elementor-section-height-default\" data-id=\"e3c7f82\" data-element_type=\"section\" data-e-type=\"section\">\n\t\t\t\t\t\t<div class=\"elementor-container elementor-column-gap-default\">\n\t\t\t\t\t<div class=\"elementor-column elementor-col-100 elementor-top-column elementor-element elementor-element-6593fed\" data-id=\"6593fed\" data-element_type=\"column\" data-e-type=\"column\">\n\t\t\t<div class=\"elementor-widget-wrap elementor-element-populated\">\n\t\t\t\t\t\t<div class=\"elementor-element elementor-element-9d258e9 elementor-widget-divider--view-line elementor-widget elementor-widget-divider\" data-id=\"9d258e9\" data-element_type=\"widget\" data-e-type=\"widget\" data-widget_type=\"divider.default\">\n\t\t\t\t<div class=\"elementor-widget-container\">\n\t\t\t\t\t\t\t<div class=\"elementor-divider\">\n\t\t\t<span class=\"elementor-divider-separator\">\n\t\t\t\t\t\t<\/span>\n\t\t<\/div>\n\t\t\t\t\t\t<\/div>\n\t\t\t\t<\/div>\n\t\t\t\t\t<\/div>\n\t\t<\/div>\n\t\t\t\t\t<\/div>\n\t\t<\/section>\n\t\t\t\t<section class=\"elementor-section elementor-top-section elementor-element elementor-element-6646a5f elementor-section-boxed elementor-section-height-default elementor-section-height-default elementor-invisible\" data-id=\"6646a5f\" data-element_type=\"section\" data-e-type=\"section\" data-settings=\"{&quot;animation&quot;:&quot;fadeIn&quot;}\">\n\t\t\t\t\t\t<div class=\"elementor-container elementor-column-gap-default\">\n\t\t\t\t\t<div class=\"elementor-column elementor-col-50 elementor-top-column elementor-element elementor-element-95746e1\" data-id=\"95746e1\" data-element_type=\"column\" data-e-type=\"column\">\n\t\t\t<div class=\"elementor-widget-wrap elementor-element-populated\">\n\t\t\t\t\t\t<div class=\"elementor-element elementor-element-9ed6947 elementor-widget elementor-widget-heading\" data-id=\"9ed6947\" data-element_type=\"widget\" data-e-type=\"widget\" data-widget_type=\"heading.default\">\n\t\t\t\t<div class=\"elementor-widget-container\">\n\t\t\t\t\t<h2 class=\"elementor-heading-title elementor-size-large\">Innovation Hive<\/h2>\t\t\t\t<\/div>\n\t\t\t\t<\/div>\n\t\t\t\t<div class=\"elementor-element elementor-element-fcfd4ec elementor-widget elementor-widget-text-editor\" data-id=\"fcfd4ec\" data-element_type=\"widget\" data-e-type=\"widget\" data-widget_type=\"text-editor.default\">\n\t\t\t\t<div class=\"elementor-widget-container\">\n\t\t\t\t\t\t\t\t\t<p><\/p><p><\/p><p>Innovation Hive es una organizaci\u00f3n privada sin \u00e1nimo de lucro ubicada en Grecia, especializada en los campos de la investigaci\u00f3n y la innovaci\u00f3n. Nuestras acciones pretenden mejorar la cohesi\u00f3n econ\u00f3mica y social de las sociedades europeas, mientras que nuestro objetivo es encontrar soluciones a los nuevos retos de la innovaci\u00f3n, lograr el crecimiento, la sostenibilidad y maximizar el impacto en la sociedad. La filosof\u00eda de la organizaci\u00f3n para lograr estos objetivos se basa en metodolog\u00edas de cocreaci\u00f3n y en un enfoque de cu\u00e1druple h\u00e9lice. El compromiso de las partes interesadas de la industria, la ciencia y la sociedad pretende crear v\u00ednculos entre las empresas, el mundo acad\u00e9mico y los actores c\u00edvicos para desarrollar una combinaci\u00f3n de conocimientos, habilidades, herramientas, valores y motivaci\u00f3n. El objetivo final es marcar la diferencia en las sociedades locales y hacer triunfar al m\u00e1s alto nivel los principios de los conceptos de innovaci\u00f3n social.<\/p><p>Nuestra misi\u00f3n es crear valor y maximizar el impacto en la sociedad a trav\u00e9s del desarrollo y la implementaci\u00f3n de proyectos de investigaci\u00f3n, educativos y tecnol\u00f3gicos.<br \/>Nuestra visi\u00f3n es ser una organizaci\u00f3n reconocida por su contribuci\u00f3n en las \u00e1reas de investigaci\u00f3n e innovaci\u00f3n a nivel paneuropeo.<br \/>Nuestros principios son el motor del crecimiento de la empresa y se basan en: Creatividad, Innovaci\u00f3n, Sostenibilidad, Conciencia Ambiental y Diversidad.<br \/>Nuestra cultura fomenta un entorno que alienta las nuevas ideas, apoya a sus grupos de inter\u00e9s y promueve el pensamiento innovador a trav\u00e9s de una comunicaci\u00f3n e interacci\u00f3n abiertas en todos los niveles de la organizaci\u00f3n.<\/p><p>Sitio web: <a href=\"https:\/\/innovationhive.eu\/\" target=\"_blank\" rel=\"noopener\">https:\/\/innovationhive.eu\/<\/a><\/p><p><\/p><p><\/p><p><\/p><p><\/p>\t\t\t\t\t\t\t\t<\/div>\n\t\t\t\t<\/div>\n\t\t\t\t\t<\/div>\n\t\t<\/div>\n\t\t\t\t<div class=\"elementor-column elementor-col-50 elementor-top-column elementor-element elementor-element-ee67c7e\" data-id=\"ee67c7e\" data-element_type=\"column\" data-e-type=\"column\">\n\t\t\t<div class=\"elementor-widget-wrap elementor-element-populated\">\n\t\t\t\t\t\t<div class=\"elementor-element elementor-element-8b821f0 elementor-widget elementor-widget-image\" data-id=\"8b821f0\" data-element_type=\"widget\" data-e-type=\"widget\" data-widget_type=\"image.default\">\n\t\t\t\t<div class=\"elementor-widget-container\">\n\t\t\t\t\t\t\t\t\t\t\t\t\t\t\t<img loading=\"lazy\" decoding=\"async\" width=\"247\" height=\"300\" src=\"https:\/\/disc.erasmus.site\/wp-content\/uploads\/2021\/02\/Innovation-Hive_Logo-247x300.jpg\" class=\"attachment-medium size-medium wp-image-178\" alt=\"\" srcset=\"https:\/\/disc.erasmus.site\/wp-content\/uploads\/2021\/02\/Innovation-Hive_Logo-247x300.jpg 247w, https:\/\/disc.erasmus.site\/wp-content\/uploads\/2021\/02\/Innovation-Hive_Logo-843x1024.jpg 843w, https:\/\/disc.erasmus.site\/wp-content\/uploads\/2021\/02\/Innovation-Hive_Logo-768x933.jpg 768w, https:\/\/disc.erasmus.site\/wp-content\/uploads\/2021\/02\/Innovation-Hive_Logo-1265x1536.jpg 1265w, https:\/\/disc.erasmus.site\/wp-content\/uploads\/2021\/02\/Innovation-Hive_Logo-1686x2048.jpg 1686w, https:\/\/disc.erasmus.site\/wp-content\/uploads\/2021\/02\/Innovation-Hive_Logo.jpg 1770w\" sizes=\"(max-width: 247px) 100vw, 247px\" \/>\t\t\t\t\t\t\t\t\t\t\t\t\t\t\t<\/div>\n\t\t\t\t<\/div>\n\t\t\t\t\t<\/div>\n\t\t<\/div>\n\t\t\t\t\t<\/div>\n\t\t<\/section>\n\t\t\t\t<\/div>\n\t\t","protected":false},"excerpt":{"rendered":"<p>Centre For Education And Entrepreneurship Support El Centro de Apoyo a la Educaci\u00f3n y Emprendedores (CWEP en polaco) es una organizaci\u00f3n no gubernamental fundada en 2004 por un grupo de emprendedores, profesores, y activistas sociales de Rzeszow. CWEP coopera con instituciones educativas y de negocios. La misi\u00f3n del CWEP es la de mejorar la calidad&hellip;&nbsp;<a href=\"https:\/\/disc.erasmus.site\/es\/partners\/\" rel=\"bookmark\">Leer m\u00e1s &raquo;<span class=\"screen-reader-text\">Socios<\/span><\/a><\/p>\n","protected":false},"author":1,"featured_media":0,"parent":0,"menu_order":0,"comment_status":"closed","ping_status":"closed","template":"","meta":{"neve_meta_sidebar":"full-width","neve_meta_container":"","neve_meta_enable_content_width":"on","neve_meta_content_width":100,"neve_meta_title_alignment":"","neve_meta_author_avatar":"","neve_post_elements_order":"","neve_meta_disable_header":"","neve_meta_disable_footer":"","neve_meta_disable_title":"","footnotes":""},"class_list":["post-161","page","type-page","status-publish","hentry"],"_links":{"self":[{"href":"https:\/\/disc.erasmus.site\/es\/wp-json\/wp\/v2\/pages\/161","targetHints":{"allow":["GET"]}}],"collection":[{"href":"https:\/\/disc.erasmus.site\/es\/wp-json\/wp\/v2\/pages"}],"about":[{"href":"https:\/\/disc.erasmus.site\/es\/wp-json\/wp\/v2\/types\/page"}],"author":[{"embeddable":true,"href":"https:\/\/disc.erasmus.site\/es\/wp-json\/wp\/v2\/users\/1"}],"replies":[{"embeddable":true,"href":"https:\/\/disc.erasmus.site\/es\/wp-json\/wp\/v2\/comments?post=161"}],"version-history":[{"count":57,"href":"https:\/\/disc.erasmus.site\/es\/wp-json\/wp\/v2\/pages\/161\/revisions"}],"predecessor-version":[{"id":324,"href":"https:\/\/disc.erasmus.site\/es\/wp-json\/wp\/v2\/pages\/161\/revisions\/324"}],"wp:attachment":[{"href":"https:\/\/disc.erasmus.site\/es\/wp-json\/wp\/v2\/media?parent=161"}],"curies":[{"name":"wp","href":"https:\/\/api.w.org\/{rel}","templated":true}]}}