{"id":145,"date":"2021-02-27T18:54:22","date_gmt":"2021-02-27T18:54:22","guid":{"rendered":"https:\/\/disc.erasmus.site\/?page_id=145"},"modified":"2023-07-21T14:02:52","modified_gmt":"2023-07-21T14:02:52","slug":"project-results","status":"publish","type":"page","link":"https:\/\/disc.erasmus.site\/es\/project-results\/","title":{"rendered":"Resultados del proyecto"},"content":{"rendered":"\t\t<div data-elementor-type=\"wp-page\" data-elementor-id=\"145\" class=\"elementor elementor-145\">\n\t\t\t\t\t\t<section class=\"elementor-section elementor-top-section elementor-element elementor-element-eee6393 elementor-section-boxed elementor-section-height-default elementor-section-height-default elementor-invisible\" data-id=\"eee6393\" data-element_type=\"section\" data-e-type=\"section\" data-settings=\"{&quot;animation&quot;:&quot;zoomIn&quot;}\">\n\t\t\t\t\t\t<div class=\"elementor-container elementor-column-gap-default\">\n\t\t\t\t\t<div class=\"elementor-column elementor-col-50 elementor-top-column elementor-element elementor-element-3b8b5e6\" data-id=\"3b8b5e6\" data-element_type=\"column\" data-e-type=\"column\">\n\t\t\t<div class=\"elementor-widget-wrap elementor-element-populated\">\n\t\t\t\t\t\t<div class=\"elementor-element elementor-element-e979a4f elementor-widget elementor-widget-image\" data-id=\"e979a4f\" data-element_type=\"widget\" data-e-type=\"widget\" data-widget_type=\"image.default\">\n\t\t\t\t<div class=\"elementor-widget-container\">\n\t\t\t\t\t\t\t\t\t\t\t\t\t\t\t<img fetchpriority=\"high\" decoding=\"async\" width=\"1024\" height=\"957\" src=\"https:\/\/disc.erasmus.site\/wp-content\/uploads\/2021\/03\/senior-couple-holding-with-blank-board-1024x957.jpg\" class=\"attachment-large size-large wp-image-219\" alt=\"\" srcset=\"https:\/\/disc.erasmus.site\/wp-content\/uploads\/2021\/03\/senior-couple-holding-with-blank-board-1024x957.jpg 1024w, https:\/\/disc.erasmus.site\/wp-content\/uploads\/2021\/03\/senior-couple-holding-with-blank-board-300x280.jpg 300w, https:\/\/disc.erasmus.site\/wp-content\/uploads\/2021\/03\/senior-couple-holding-with-blank-board-768x718.jpg 768w, https:\/\/disc.erasmus.site\/wp-content\/uploads\/2021\/03\/senior-couple-holding-with-blank-board-1536x1436.jpg 1536w, https:\/\/disc.erasmus.site\/wp-content\/uploads\/2021\/03\/senior-couple-holding-with-blank-board-2048x1915.jpg 2048w\" sizes=\"(max-width: 1024px) 100vw, 1024px\" \/>\t\t\t\t\t\t\t\t\t\t\t\t\t\t\t<\/div>\n\t\t\t\t<\/div>\n\t\t\t\t\t<\/div>\n\t\t<\/div>\n\t\t\t\t<div class=\"elementor-column elementor-col-50 elementor-top-column elementor-element elementor-element-e994a37\" data-id=\"e994a37\" data-element_type=\"column\" data-e-type=\"column\">\n\t\t\t<div class=\"elementor-widget-wrap elementor-element-populated\">\n\t\t\t\t\t\t<div class=\"elementor-element elementor-element-61c786a elementor-widget elementor-widget-text-editor\" data-id=\"61c786a\" data-element_type=\"widget\" data-e-type=\"widget\" data-widget_type=\"text-editor.default\">\n\t\t\t\t<div class=\"elementor-widget-container\">\n\t\t\t\t\t\t\t\t\t<p><\/p><p><strong>Marco de competencias en seguridad digital<\/strong><\/p><p>Este innovador marco de competencias proporcionar\u00e1 un m\u00e9todo eficaz para evaluar las habilidades y los conocimientos de los ciudadanos mayores, a trav\u00e9s de un conjunto estandarizado de atributos. El marco se basar\u00e1 en el marco DigComp 2.1, que no proporciona competencias para abordar expl\u00edcitamente las estafas y las amenazas digitales que se utilizan para robar los datos y la informaci\u00f3n de las personas en l\u00ednea.<\/p><p>El marco definir\u00e1 los conocimientos y habilidades de seguridad digital recomendados para que las personas mayores puedan protegerse de forma independiente contra los riesgos de seguridad digital y estar\u00e1 dirigido a personas mayores de 55 a\u00f1os. El marco tambi\u00e9n puede ser relevante para los profesores de TIC, formadores y educadores que participan en la mejora tecnol\u00f3gica y el desarrollo de capacidades de las personas mayores.<\/p>\t\t\t\t\t\t\t\t<\/div>\n\t\t\t\t<\/div>\n\t\t\t\t<div class=\"elementor-element elementor-element-d227328 elementor-button-success elementor-align-center elementor-widget elementor-widget-button\" data-id=\"d227328\" data-element_type=\"widget\" data-e-type=\"widget\" data-widget_type=\"button.default\">\n\t\t\t\t<div class=\"elementor-widget-container\">\n\t\t\t\t\t\t\t\t\t<div class=\"elementor-button-wrapper\">\n\t\t\t\t\t<a class=\"elementor-button elementor-button-link elementor-size-md\" href=\"https:\/\/disc.erasmus.site\/wp-content\/uploads\/2022\/02\/ES_DiSC_Competency_Framework_FINAL.pdf\" target=\"_blank\">\n\t\t\t\t\t\t<span class=\"elementor-button-content-wrapper\">\n\t\t\t\t\t\t\t\t\t<span class=\"elementor-button-text\">Abrir resultado<\/span>\n\t\t\t\t\t<\/span>\n\t\t\t\t\t<\/a>\n\t\t\t\t<\/div>\n\t\t\t\t\t\t\t\t<\/div>\n\t\t\t\t<\/div>\n\t\t\t\t\t<\/div>\n\t\t<\/div>\n\t\t\t\t\t<\/div>\n\t\t<\/section>\n\t\t\t\t<section class=\"elementor-section elementor-top-section elementor-element elementor-element-5bfc51c elementor-section-boxed elementor-section-height-default elementor-section-height-default elementor-invisible\" data-id=\"5bfc51c\" data-element_type=\"section\" data-e-type=\"section\" data-settings=\"{&quot;animation&quot;:&quot;zoomIn&quot;}\">\n\t\t\t\t\t\t<div class=\"elementor-container elementor-column-gap-default\">\n\t\t\t\t\t<div class=\"elementor-column elementor-col-50 elementor-top-column elementor-element elementor-element-2575624\" data-id=\"2575624\" data-element_type=\"column\" data-e-type=\"column\">\n\t\t\t<div class=\"elementor-widget-wrap elementor-element-populated\">\n\t\t\t\t\t\t<div class=\"elementor-element elementor-element-93976b9 elementor-widget elementor-widget-text-editor\" data-id=\"93976b9\" data-element_type=\"widget\" data-e-type=\"widget\" data-widget_type=\"text-editor.default\">\n\t\t\t\t<div class=\"elementor-widget-container\">\n\t\t\t\t\t\t\t\t\t<p><\/p><p><strong>Herramienta de evaluaci\u00f3n comparativa de las competencias en materia de seguridad digital<\/strong><\/p><p>La herramienta interactiva de evaluaci\u00f3n comparativa a\u00f1adir\u00e1 directrices sobre c\u00f3mo las personas pueden alcanzar los niveles de competencia del marco de competencias de seguridad digital. Incluir\u00e1 un ejemplo relacionable de los conocimientos y habilidades de cada nivel del marco de competencias.<\/p><p>La herramienta de evaluaci\u00f3n comparativa puede ser utilizada por personas mayores para evaluar su nivel de competencia en seguridad digital. La herramienta presentar\u00e1 la calificaci\u00f3n de competencia de los usuarios como su \u00abcertificado de competencia en seguridad digital\u00bb. El certificado puede ampliarse para incluir otras competencias del marco a medida que el usuario las aprenda.<\/p>\t\t\t\t\t\t\t\t<\/div>\n\t\t\t\t<\/div>\n\t\t\t\t<div class=\"elementor-element elementor-element-9e7e5f1 elementor-button-success elementor-align-center elementor-widget elementor-widget-button\" data-id=\"9e7e5f1\" data-element_type=\"widget\" data-e-type=\"widget\" data-widget_type=\"button.default\">\n\t\t\t\t<div class=\"elementor-widget-container\">\n\t\t\t\t\t\t\t\t\t<div class=\"elementor-button-wrapper\">\n\t\t\t\t\t<a class=\"elementor-button elementor-button-link elementor-size-md\" href=\"\/es\/self-assessment\">\n\t\t\t\t\t\t<span class=\"elementor-button-content-wrapper\">\n\t\t\t\t\t\t\t\t\t<span class=\"elementor-button-text\">Abrir resultado<\/span>\n\t\t\t\t\t<\/span>\n\t\t\t\t\t<\/a>\n\t\t\t\t<\/div>\n\t\t\t\t\t\t\t\t<\/div>\n\t\t\t\t<\/div>\n\t\t\t\t\t<\/div>\n\t\t<\/div>\n\t\t\t\t<div class=\"elementor-column elementor-col-50 elementor-top-column elementor-element elementor-element-9fbc966\" data-id=\"9fbc966\" data-element_type=\"column\" data-e-type=\"column\">\n\t\t\t<div class=\"elementor-widget-wrap elementor-element-populated\">\n\t\t\t\t\t\t<div class=\"elementor-element elementor-element-5030d9b elementor-widget elementor-widget-image\" data-id=\"5030d9b\" data-element_type=\"widget\" data-e-type=\"widget\" data-widget_type=\"image.default\">\n\t\t\t\t<div class=\"elementor-widget-container\">\n\t\t\t\t\t\t\t\t\t\t\t\t\t\t\t<img decoding=\"async\" width=\"1024\" height=\"503\" src=\"https:\/\/disc.erasmus.site\/wp-content\/uploads\/2021\/03\/senior-man-using-his-phone-1024x503.jpg\" class=\"attachment-large size-large wp-image-220\" alt=\"\" srcset=\"https:\/\/disc.erasmus.site\/wp-content\/uploads\/2021\/03\/senior-man-using-his-phone-1024x503.jpg 1024w, https:\/\/disc.erasmus.site\/wp-content\/uploads\/2021\/03\/senior-man-using-his-phone-300x147.jpg 300w, https:\/\/disc.erasmus.site\/wp-content\/uploads\/2021\/03\/senior-man-using-his-phone-768x377.jpg 768w, https:\/\/disc.erasmus.site\/wp-content\/uploads\/2021\/03\/senior-man-using-his-phone-1536x754.jpg 1536w, https:\/\/disc.erasmus.site\/wp-content\/uploads\/2021\/03\/senior-man-using-his-phone-2048x1006.jpg 2048w\" sizes=\"(max-width: 1024px) 100vw, 1024px\" \/>\t\t\t\t\t\t\t\t\t\t\t\t\t\t\t<\/div>\n\t\t\t\t<\/div>\n\t\t\t\t\t<\/div>\n\t\t<\/div>\n\t\t\t\t\t<\/div>\n\t\t<\/section>\n\t\t\t\t<section class=\"elementor-section elementor-top-section elementor-element elementor-element-96ac79b elementor-section-boxed elementor-section-height-default elementor-section-height-default elementor-invisible\" data-id=\"96ac79b\" data-element_type=\"section\" data-e-type=\"section\" data-settings=\"{&quot;animation&quot;:&quot;zoomIn&quot;}\">\n\t\t\t\t\t\t<div class=\"elementor-container elementor-column-gap-default\">\n\t\t\t\t\t<div class=\"elementor-column elementor-col-50 elementor-top-column elementor-element elementor-element-4aae359\" data-id=\"4aae359\" data-element_type=\"column\" data-e-type=\"column\">\n\t\t\t<div class=\"elementor-widget-wrap elementor-element-populated\">\n\t\t\t\t\t\t<div class=\"elementor-element elementor-element-d18852e elementor-widget elementor-widget-image\" data-id=\"d18852e\" data-element_type=\"widget\" data-e-type=\"widget\" data-widget_type=\"image.default\">\n\t\t\t\t<div class=\"elementor-widget-container\">\n\t\t\t\t\t\t\t\t\t\t\t\t\t\t\t<img decoding=\"async\" width=\"1024\" height=\"576\" src=\"https:\/\/disc.erasmus.site\/wp-content\/uploads\/2021\/03\/an-elderly-man-reading-news-with-the-tablet-on-sofa-at-home-an-old-asian-man-is-searching-for-information-on-the-internet-while-sitting-in-living-room-1024x576.jpg\" class=\"attachment-large size-large wp-image-221\" alt=\"\" srcset=\"https:\/\/disc.erasmus.site\/wp-content\/uploads\/2021\/03\/an-elderly-man-reading-news-with-the-tablet-on-sofa-at-home-an-old-asian-man-is-searching-for-information-on-the-internet-while-sitting-in-living-room-1024x576.jpg 1024w, https:\/\/disc.erasmus.site\/wp-content\/uploads\/2021\/03\/an-elderly-man-reading-news-with-the-tablet-on-sofa-at-home-an-old-asian-man-is-searching-for-information-on-the-internet-while-sitting-in-living-room-300x169.jpg 300w, https:\/\/disc.erasmus.site\/wp-content\/uploads\/2021\/03\/an-elderly-man-reading-news-with-the-tablet-on-sofa-at-home-an-old-asian-man-is-searching-for-information-on-the-internet-while-sitting-in-living-room-768x432.jpg 768w, https:\/\/disc.erasmus.site\/wp-content\/uploads\/2021\/03\/an-elderly-man-reading-news-with-the-tablet-on-sofa-at-home-an-old-asian-man-is-searching-for-information-on-the-internet-while-sitting-in-living-room-1536x864.jpg 1536w, https:\/\/disc.erasmus.site\/wp-content\/uploads\/2021\/03\/an-elderly-man-reading-news-with-the-tablet-on-sofa-at-home-an-old-asian-man-is-searching-for-information-on-the-internet-while-sitting-in-living-room-2048x1152.jpg 2048w\" sizes=\"(max-width: 1024px) 100vw, 1024px\" \/>\t\t\t\t\t\t\t\t\t\t\t\t\t\t\t<\/div>\n\t\t\t\t<\/div>\n\t\t\t\t\t<\/div>\n\t\t<\/div>\n\t\t\t\t<div class=\"elementor-column elementor-col-50 elementor-top-column elementor-element elementor-element-913ae6a\" data-id=\"913ae6a\" data-element_type=\"column\" data-e-type=\"column\">\n\t\t\t<div class=\"elementor-widget-wrap elementor-element-populated\">\n\t\t\t\t\t\t<div class=\"elementor-element elementor-element-77b2be7 elementor-widget elementor-widget-text-editor\" data-id=\"77b2be7\" data-element_type=\"widget\" data-e-type=\"widget\" data-widget_type=\"text-editor.default\">\n\t\t\t\t<div class=\"elementor-widget-container\">\n\t\t\t\t\t\t\t\t\t<p><\/p><p><strong>Juego de mesa en l\u00ednea sobre seguridad digital<\/strong><\/p><p>Este juego en l\u00ednea se desarroll\u00f3 como una versi\u00f3n digital del t\u00edpico juego de mesa por turnos que permite enfrentarse a dos usuarios. El formato consiste en lanzar dados, responder preguntas y tomar decisiones sobre seguridad digital.<\/p><p>Los jugadores pueden progresar a trav\u00e9s de los niveles de competencia del marco de seguridad digital mediante un juego atractivo que ofrece consecuencias centradas en decisiones de la vida real y sus efectos posteriores. El juego refleja la vida real, en un entorno simulado, para permitir a los usuarios tomar decisiones err\u00f3neas en materia de seguridad digital en un entorno seguro.<\/p>\t\t\t\t\t\t\t\t<\/div>\n\t\t\t\t<\/div>\n\t\t\t\t<div class=\"elementor-element elementor-element-b7d09ec elementor-button-success elementor-align-center elementor-widget elementor-widget-button\" data-id=\"b7d09ec\" data-element_type=\"widget\" data-e-type=\"widget\" data-widget_type=\"button.default\">\n\t\t\t\t<div class=\"elementor-widget-container\">\n\t\t\t\t\t\t\t\t\t<div class=\"elementor-button-wrapper\">\n\t\t\t\t\t<a class=\"elementor-button elementor-button-link elementor-size-md\" href=\"https:\/\/disc-game.eu\/\">\n\t\t\t\t\t\t<span class=\"elementor-button-content-wrapper\">\n\t\t\t\t\t\t\t\t\t<span class=\"elementor-button-text\">Abrir resultado<\/span>\n\t\t\t\t\t<\/span>\n\t\t\t\t\t<\/a>\n\t\t\t\t<\/div>\n\t\t\t\t\t\t\t\t<\/div>\n\t\t\t\t<\/div>\n\t\t\t\t\t<\/div>\n\t\t<\/div>\n\t\t\t\t\t<\/div>\n\t\t<\/section>\n\t\t\t\t<section class=\"elementor-section elementor-top-section elementor-element elementor-element-f9599ae elementor-section-boxed elementor-section-height-default elementor-section-height-default elementor-invisible\" data-id=\"f9599ae\" data-element_type=\"section\" data-e-type=\"section\" data-settings=\"{&quot;animation&quot;:&quot;zoomIn&quot;}\">\n\t\t\t\t\t\t<div class=\"elementor-container elementor-column-gap-default\">\n\t\t\t\t\t<div class=\"elementor-column elementor-col-50 elementor-top-column elementor-element elementor-element-73a34b2\" data-id=\"73a34b2\" data-element_type=\"column\" data-e-type=\"column\">\n\t\t\t<div class=\"elementor-widget-wrap elementor-element-populated\">\n\t\t\t\t\t\t<div class=\"elementor-element elementor-element-eb3e900 elementor-widget elementor-widget-text-editor\" data-id=\"eb3e900\" data-element_type=\"widget\" data-e-type=\"widget\" data-widget_type=\"text-editor.default\">\n\t\t\t\t<div class=\"elementor-widget-container\">\n\t\t\t\t\t\t\t\t\t<p><\/p><p><strong>Recomendaciones sobre pol\u00edticas<\/strong><\/p><p>Las Recomendaciones Pol\u00edticas se crearon como un informe de evaluaci\u00f3n de impacto basado en pruebas que presenta la informaci\u00f3n recopilada en cada una de las fases de pilotaje y las actividades de participaci\u00f3n de las partes interesadas, un an\u00e1lisis de los resultados y recomendaciones pol\u00edticas basadas en el impacto evaluado a nivel local, regional, nacional y europeo.<\/p><p>El informe es un recurso clave utilizado para maximizar la asimilaci\u00f3n de los resultados del proyecto por parte de las personas mayores al proporcionar un informe basado en pruebas sobre los logros del proyecto.<\/p>\t\t\t\t\t\t\t\t<\/div>\n\t\t\t\t<\/div>\n\t\t\t\t<div class=\"elementor-element elementor-element-281056c elementor-button-success elementor-align-center elementor-widget elementor-widget-button\" data-id=\"281056c\" data-element_type=\"widget\" data-e-type=\"widget\" data-widget_type=\"button.default\">\n\t\t\t\t<div class=\"elementor-widget-container\">\n\t\t\t\t\t\t\t\t\t<div class=\"elementor-button-wrapper\">\n\t\t\t\t\t<a class=\"elementor-button elementor-button-link elementor-size-md\" href=\"https:\/\/disc.erasmus.site\/wp-content\/uploads\/2023\/07\/DiSC_IO4_ES.pdf\" target=\"_blank\">\n\t\t\t\t\t\t<span class=\"elementor-button-content-wrapper\">\n\t\t\t\t\t\t\t\t\t<span class=\"elementor-button-text\">Abrir resultado<\/span>\n\t\t\t\t\t<\/span>\n\t\t\t\t\t<\/a>\n\t\t\t\t<\/div>\n\t\t\t\t\t\t\t\t<\/div>\n\t\t\t\t<\/div>\n\t\t\t\t\t<\/div>\n\t\t<\/div>\n\t\t\t\t<div class=\"elementor-column elementor-col-50 elementor-top-column elementor-element elementor-element-06cc76e\" data-id=\"06cc76e\" data-element_type=\"column\" data-e-type=\"column\">\n\t\t\t<div class=\"elementor-widget-wrap elementor-element-populated\">\n\t\t\t\t\t\t<div class=\"elementor-element elementor-element-f0e9d4c elementor-widget elementor-widget-image\" data-id=\"f0e9d4c\" data-element_type=\"widget\" data-e-type=\"widget\" data-widget_type=\"image.default\">\n\t\t\t\t<div class=\"elementor-widget-container\">\n\t\t\t\t\t\t\t\t\t\t\t\t\t\t\t<img loading=\"lazy\" decoding=\"async\" width=\"1024\" height=\"683\" src=\"https:\/\/disc.erasmus.site\/wp-content\/uploads\/2021\/03\/senior-online-concept-and-pandemic-concept-1024x683.jpg\" class=\"attachment-large size-large wp-image-222\" alt=\"\" srcset=\"https:\/\/disc.erasmus.site\/wp-content\/uploads\/2021\/03\/senior-online-concept-and-pandemic-concept-1024x683.jpg 1024w, https:\/\/disc.erasmus.site\/wp-content\/uploads\/2021\/03\/senior-online-concept-and-pandemic-concept-300x200.jpg 300w, https:\/\/disc.erasmus.site\/wp-content\/uploads\/2021\/03\/senior-online-concept-and-pandemic-concept-768x512.jpg 768w, https:\/\/disc.erasmus.site\/wp-content\/uploads\/2021\/03\/senior-online-concept-and-pandemic-concept-1536x1024.jpg 1536w, https:\/\/disc.erasmus.site\/wp-content\/uploads\/2021\/03\/senior-online-concept-and-pandemic-concept-2048x1365.jpg 2048w, https:\/\/disc.erasmus.site\/wp-content\/uploads\/2021\/03\/senior-online-concept-and-pandemic-concept-930x620.jpg 930w\" sizes=\"(max-width: 1024px) 100vw, 1024px\" \/>\t\t\t\t\t\t\t\t\t\t\t\t\t\t\t<\/div>\n\t\t\t\t<\/div>\n\t\t\t\t\t<\/div>\n\t\t<\/div>\n\t\t\t\t\t<\/div>\n\t\t<\/section>\n\t\t\t\t<\/div>\n\t\t","protected":false},"excerpt":{"rendered":"<p>Marco de competencias en seguridad digital Este innovador marco de competencias proporcionar\u00e1 un m\u00e9todo eficaz para evaluar las habilidades y los conocimientos de los ciudadanos mayores, a trav\u00e9s de un conjunto estandarizado de atributos. El marco se basar\u00e1 en el marco DigComp 2.1, que no proporciona competencias para abordar expl\u00edcitamente las estafas y las amenazas&hellip;&nbsp;<a href=\"https:\/\/disc.erasmus.site\/es\/project-results\/\" rel=\"bookmark\">Leer m\u00e1s &raquo;<span class=\"screen-reader-text\">Resultados del proyecto<\/span><\/a><\/p>\n","protected":false},"author":1,"featured_media":0,"parent":0,"menu_order":0,"comment_status":"closed","ping_status":"closed","template":"","meta":{"neve_meta_sidebar":"full-width","neve_meta_container":"","neve_meta_enable_content_width":"on","neve_meta_content_width":100,"neve_meta_title_alignment":"","neve_meta_author_avatar":"","neve_post_elements_order":"","neve_meta_disable_header":"","neve_meta_disable_footer":"","neve_meta_disable_title":"","footnotes":""},"class_list":["post-145","page","type-page","status-publish","hentry"],"_links":{"self":[{"href":"https:\/\/disc.erasmus.site\/es\/wp-json\/wp\/v2\/pages\/145","targetHints":{"allow":["GET"]}}],"collection":[{"href":"https:\/\/disc.erasmus.site\/es\/wp-json\/wp\/v2\/pages"}],"about":[{"href":"https:\/\/disc.erasmus.site\/es\/wp-json\/wp\/v2\/types\/page"}],"author":[{"embeddable":true,"href":"https:\/\/disc.erasmus.site\/es\/wp-json\/wp\/v2\/users\/1"}],"replies":[{"embeddable":true,"href":"https:\/\/disc.erasmus.site\/es\/wp-json\/wp\/v2\/comments?post=145"}],"version-history":[{"count":83,"href":"https:\/\/disc.erasmus.site\/es\/wp-json\/wp\/v2\/pages\/145\/revisions"}],"predecessor-version":[{"id":491,"href":"https:\/\/disc.erasmus.site\/es\/wp-json\/wp\/v2\/pages\/145\/revisions\/491"}],"wp:attachment":[{"href":"https:\/\/disc.erasmus.site\/es\/wp-json\/wp\/v2\/media?parent=145"}],"curies":[{"name":"wp","href":"https:\/\/api.w.org\/{rel}","templated":true}]}}